{"id":114985,"date":"2018-12-20T12:38:29","date_gmt":"2018-12-20T08:38:29","guid":{"rendered":"\/?page_id=14985"},"modified":"2024-12-15T00:23:54","modified_gmt":"2024-12-14T23:23:54","slug":"lost-found","status":"publish","type":"page","link":"https:\/\/pid.cz\/en\/contacts\/lost-found\/","title":{"rendered":"Lost &#038; found"},"content":{"rendered":"<p>Did you lost something in the vehicle? Contact the relevant carrier by phone as soon as possible. Forgotten things often appear when you least expect it.<\/p>\n<h3>Prague public transport (lines operated by Prague Public Transport Co &#8211; metro, tram, almost all urban bus lines, funicular)<\/h3>\n<p>If you lost your belongings in Prague Public Transport, please contact the DPP Infoline (+420<strong> <span class=\"with-note\" title=\"7:00-21:00\"><strong>296\u00a0191\u00a0817<\/strong><\/span><\/strong>).\u00a0The call center will connect with the dispatcher, who will pass the information about the lost item directly to the driver of the specific vehicle and will inform you back.<\/p>\n<p>If you report the loss later, you will receive a telephone number from the worker for the relevant depot or garage where the vehicle in which the item was lost is located. All unclaimed lost and found items are collected at <a href=\"https:\/\/www.praha.eu\/jnp\/cz\/o_meste\/zivot_v_praze\/sluzby\/ztraty_a_nalezy\/index.html\">the lost and found office<\/a> once a week, always on Thursdays.<\/p>\n<h4>Lost and found office<\/h4>\n<p><strong>Adress:<\/strong>\u00a0Karol\u00edny Sv\u011btl\u00e9 5, Praha 1 &#8211; Star\u00e9 M\u011bsto, 110 00<br \/>\n<strong>Telephone:<\/strong>\u00a0+420 224 235\u00a0085<br \/>\n<strong>Opening hours:<\/strong><br \/>\nMonday 8:00\u201312:00 and 12:30\u201318:00<br \/>\nWednesday 8:00\u201312:00 and 12:30\u201318:00<\/p>\n<h3>Suburban tranport and other lines in Prague (lines not operated by Prague Public Transport Co &#8211; some urban bus, suburban bus, ferries)<\/h3>\n<p>If you left your belongings on buses or ferries operated by private carriers, <strong>please contact the specific carrier<\/strong>. The list of <a href=\"\/kontakty\/dopravci\/\">PID carriers<\/a> links directly to their contact points. The assignment of a specific carrier to a given line can be found from <a href=\"\/jizdni-rady-podle-linek\/\">the timetables<\/a> or in the case of a ticket issued by the bus driver in its header.<\/p>\n<p><center><a href=\"https:\/\/pid.cz\/wp-content\/uploads\/2023\/09\/jizdenka-primestsky-bus.png\"><img decoding=\"async\" src=\"https:\/\/pid.cz\/wp-content\/uploads\/2023\/09\/jizdenka-primestsky-bus.png\" width=\"300px;\" \/><\/a><\/center><\/p>\n<h3>Trains<\/h3>\n<p>If you lost your belongings on the train, please contact the specific carrier.<\/p>\n<table style=\"min-width: 75%;\">\n<tbody>\n<tr>\n<th style=\"background-color: #d0d0d0; width: 17%;\"><b>Carrier<\/b><\/th>\n<th style=\"background-color: #d0d0d0; width: 33%;\"><b>Operated lines<\/b><\/th>\n<th style=\"background-color: #d0d0d0; width: 15%;\"><b>Contact<\/b><\/th>\n<th style=\"background-color: #d0d0d0; width: 15%;\"><b>Opening hours<\/b><\/th>\n<th style=\"background-color: #d0d0d0; width: 20%;\"><\/th>\n<\/tr>\n<tr>\n<td>\u010cesk\u00e9 dr\u00e1hy<\/td>\n<td>Almost all train lines in PID system<\/td>\n<td>+420 221 111 122<br \/>\n<a href=\"https:\/\/www.cd.cz\">www.cd.cz<\/a><\/td>\n<td><strong>Monday to Sunday<\/strong><\/td>\n<td>00:00 &#8211; 23:59<\/td>\n<\/tr>\n<tr>\n<td>ARRIVA Vlaky<\/td>\n<td>R21, R22, R24, R26<\/td>\n<td>+420 725 100 725<br \/>\n<a href=\"https:\/\/www.arriva.cz\">www.arriva.cz<\/a><\/td>\n<td><strong>Workdays<\/strong><br \/>\n<strong>Weekends and holidays<\/strong><\/td>\n<td>05:00 \u2013 23:00<br \/>\n05:30 \u2013 23:00<\/td>\n<\/tr>\n<tr>\n<td>K\u017dC Doprava<\/td>\n<td>S34, S43, T1, T3, T7, T8, T10<\/td>\n<td>+420 774 592 018<br \/>\n<a href=\"https:\/\/www.kzc.cz\">www.kzc.cz<\/a><\/td>\n<td><strong>Workdays<\/strong><\/td>\n<td>07:00 &#8211; 21:00<\/td>\n<\/tr>\n<tr>\n<td>RegioJet<\/td>\n<td>S49, R23<\/td>\n<td>+420 222 222 221<br \/>\n<a href=\"https:\/\/www.regiojet.cz\">www.regiojet.cz<\/a><\/td>\n<td><strong>Monday to Sunday<\/strong><\/td>\n<td>06:00 &#8211; 23:00<\/td>\n<\/tr>\n<tr>\n<td>Die L\u00e4nderbahn<\/td>\n<td>L4, U12, U14<\/td>\n<td>+420 478 479 202<br \/>\n<a href=\"https:\/\/www.laenderbahn.cz\/\">www.laenderbahn.cz<\/a><\/td>\n<td><strong>Workdays<\/strong><br \/>\n<strong>Weekends and holidays<\/strong><\/td>\n<td>05:00 \u2013 17:00<br \/>\n07:00 \u2013 15:00<\/td>\n<\/tr>\n<\/tbody>\n<\/table>\n<p>&nbsp;<\/p>\n","protected":false},"excerpt":{"rendered":"<p>Did you lost something in the vehicle? Contact the relevant carrier by phone as soon as possible. Forgotten things often appear when you least expect it. Prague public transport (lines operated by Prague Public Transport Co &#8211; metro, tram, almost all urban bus lines, funicular) If you lost your belongings in Prague Public Transport, please [&hellip;]<\/p>\n","protected":false},"author":47,"featured_media":0,"parent":131856,"menu_order":3,"comment_status":"closed","ping_status":"closed","template":"","meta":{"_acf_changed":false,"footnotes":""},"class_list":["post-114985","page","type-page","status-publish","hentry"],"acf":[],"_links":{"self":[{"href":"https:\/\/pid.cz\/en\/wp-json\/wp\/v2\/pages\/114985","targetHints":{"allow":["GET"]}}],"collection":[{"href":"https:\/\/pid.cz\/en\/wp-json\/wp\/v2\/pages"}],"about":[{"href":"https:\/\/pid.cz\/en\/wp-json\/wp\/v2\/types\/page"}],"author":[{"embeddable":true,"href":"https:\/\/pid.cz\/en\/wp-json\/wp\/v2\/users\/47"}],"replies":[{"embeddable":true,"href":"https:\/\/pid.cz\/en\/wp-json\/wp\/v2\/comments?post=114985"}],"version-history":[{"count":10,"href":"https:\/\/pid.cz\/en\/wp-json\/wp\/v2\/pages\/114985\/revisions"}],"predecessor-version":[{"id":203246,"href":"https:\/\/pid.cz\/en\/wp-json\/wp\/v2\/pages\/114985\/revisions\/203246"}],"up":[{"embeddable":true,"href":"https:\/\/pid.cz\/en\/wp-json\/wp\/v2\/pages\/131856"}],"wp:attachment":[{"href":"https:\/\/pid.cz\/en\/wp-json\/wp\/v2\/media?parent=114985"}],"curies":[{"name":"wp","href":"https:\/\/api.w.org\/{rel}","templated":true}]}}