{"id":131699,"date":"2022-02-22T20:47:14","date_gmt":"2022-02-22T19:47:14","guid":{"rendered":"https:\/\/testweb.pid.cz\/en-preprava-zavazadel-a-psu-luggage-and-dogs\/"},"modified":"2026-01-02T14:10:16","modified_gmt":"2026-01-02T13:10:16","slug":"luggage-and-dogs","status":"publish","type":"page","link":"https:\/\/pid.cz\/en\/luggage-and-dogs\/","title":{"rendered":"Luggage and dogs"},"content":{"rendered":"<p style=\"text-align: right;\"><em>Valid as of 1.1.2026<\/em><span><br \/>\n<\/span><\/p>\n<p style=\"text-align: justify;\">The conditions for transporting luggage and dogs are slightly different in Prague, outside Prague and on PID trains.<\/p>\n<p>Ticket prices vary depending on the method of purchase.<\/p>\n<table style=\"width: 100%;\">\n<tbody>\n<tr>\n<th style=\"background-color: #d0d0d0; width: 69.4952%;\" rowspan=\"2\">Belongings<\/th>\n<th style=\"text-align: center; background-color: #d0d0d0; width: 30%;\" colspan=\"2\">Price<\/th>\n<\/tr>\n<tr>\n<th style=\"width: 15%; text-align: center; background-color: #d0d0d0;\">Prague<\/th>\n<th style=\"width: 15%; text-align: center; background-color: #d0d0d0;\"><span class=\"with-note\" title=\"Central Bohemian Region (suburban and regional bus lines\">Region<\/span><\/th>\n<\/tr>\n<tr>\n<td style=\"width: 69.4952%;\">Baby strollers (with a baby)<\/td>\n<td style=\"text-align: center; width: 15%;\">0 CZK<\/td>\n<td style=\"text-align: center; width: 15%;\">0 CZK<\/td>\n<\/tr>\n<tr>\n<td style=\"width: 69.4952%;\">Dog on a leash and with a muzzle<\/td>\n<td style=\"text-align: center; width: 15%;\">0 CZK<\/td>\n<td style=\"text-align: center; width: 15%;\">25 CZK<br \/>\n<small style=\"color: #555; font-size: 13px;\">App: 23 CZK<\/small><\/td>\n<\/tr>\n<tr>\n<td style=\"width: 69.4952%;\">Small luggage (<span class=\"with-note\" title=\"Or a board with dimensions 100\u00d7100\u00d75 cm, or a pole shaped item not longer than 150 cm and diameter less than 20 cm. On PID trains with max. dimensions 90\u00d760\u00d740 cm.\">max. 25\u00d745\u00d770 cm<\/span>)<\/td>\n<td style=\"text-align: center; width: 15%;\">0 CZK<\/td>\n<td style=\"text-align: center; width: 15%;\">0 CZK<\/td>\n<\/tr>\n<tr>\n<td style=\"width: 69.4952%;\">Small animal inside <span class=\"with-note\" title=\"Enclosed box with a non-permeable bottom.\">an animal carrier<\/span> (max. 25\u00d745\u00d770 cm)<\/td>\n<td style=\"text-align: center; width: 15%;\">0 CZK<\/td>\n<td style=\"text-align: center; width: 15%;\">0 CZK<\/td>\n<\/tr>\n<tr>\n<td style=\"width: 69.4952%;\">Big luggage or an animal inside <span class=\"with-note\" title=\"Enclosed box with a non-permeable bottom.\">an animal carrier<\/span><\/td>\n<td style=\"text-align: center; width: 15%;\">25 CZK<br \/>\n<small style=\"color: #555; font-size: 13px;\">App: 23 CZK<\/small><\/td>\n<td style=\"text-align: center; width: 15%;\">25 CZK<br \/>\n<small style=\"color: #555; font-size: 13px;\">App: 23 CZK<\/small><\/td>\n<\/tr>\n<\/tbody>\n<\/table>\n<p style=\"text-align: justify;\">Time and zone validity is the same as the validity of passenger tickets, however no longer than 180 minutes.<\/p>\n<p style=\"text-align: justify;\">If passengers have a ticket with a time validity of one or more days, they can transport one piece of luggage or animal for free (except on PID trains).<\/p>\n<h2>Dogs<\/h2>\n<p style=\"text-align: justify;\">Dogs can be transported only on a leash and with a muzzle. Small dogs can be also carried in an enclosed dog carrier box with a non-permeable bottom. More information about transporting a dog here: <a href=\"https:\/\/pid.cz\/en\/travel-information\/traveling-with-a-dog\/\">Traveling with a dog | Pra\u017esk\u00e1 integrovan\u00e1 doprava Pra\u017esk\u00e1 integrovan\u00e1 doprava.<\/a><\/p>\n<h2>Other small aniamls<\/h2>\n<p style=\"text-align: justify;\">An animal can be transported, provided it is carried in a cage, carrier box or a similar container with a non-leaky bottom. If the dimensions of the carrier fall within the dimension limit for small luggage (25\u00d745\u00d770 cm), it is carried for free. Otherwise carriage costs 25 CZK (App 23 CZK)<\/p>\n<h2>Bicycles<\/h2>\n<p style=\"text-align: justify;\">Bicycles can be transported only on the subway, trains, trams (only on specified line sections and directions from the city centre), ferries and the funicular to Pet\u0159\u00edn.<\/p>\n<h3>Bicycles in Prague<\/h3>\n<p>In <strong>Prague<\/strong> (zones P, 0, B) bicycles are transported for free in combination with a valid <a href=\"\/en\/tickets-and-fare\/\">PID ticket<\/a> for the passenger. If passengers travel to Prague by train with a railway ticket, they must buy a special train ticket for bicycles according to the fare of the railway carrier.<\/p>\n<h3 class=\"expandable\">Tram sections where carrying bicycles is allowed<\/h3><div class=\"expandable-content\"><br \/>\n<b>Bicycles can be transported in trams only in direction from the city centre on specified section below:<\/b><\/p>\n<ul>\n<li>And\u011bl &gt; Kotl\u00e1\u0159ka &gt; Vozovna Motol &gt; S\u00eddli\u0161t\u011b \u0158epy<\/li>\n<li>Brusnice &gt; Malovanka &gt; Vypich &gt; B\u00edl\u00e1 Hora<\/li>\n<li>Hrad\u010dansk\u00e1 &gt; V\u00edt\u011bzn\u00e9 n\u00e1m\u011bst\u00ed &gt; Dejvick\u00e1 &gt; \u010cerven\u00fd Vrch &gt; Divok\u00e1 \u0160\u00e1rka &gt; D\u011bdina<\/li>\n<li>Hrad\u010dansk\u00e1 &gt; V\u00edt\u011bzn\u00e9 n\u00e1m\u011bst\u00ed &gt; N\u00e1dra\u017e\u00ed Podbaba<\/li>\n<li>Hrad\u010dansk\u00e1 &gt; Vozovna St\u0159e\u0161ovice &gt; Malovanka &gt; Vypich &gt; B\u00edl\u00e1 Hora<\/li>\n<li>Hrad\u010dansk\u00e1 &gt; Vozovna St\u0159e\u0161ovice &gt; S\u00eddli\u0161t\u011b Pet\u0159iny<\/li>\n<li>N\u00e1dra\u017e\u00ed Hole\u0161ovice &gt; Trojsk\u00e1 &gt; Kobylisy &gt; S\u00eddli\u0161t\u011b \u010e\u00e1blice<\/li>\n<li>N\u00e1dra\u017e\u00ed Hole\u0161ovice &gt; Trojsk\u00e1 &gt; Kobylisy &gt; Vozovna Kobylisy<\/li>\n<li>N\u00e1dra\u017e\u00ed Bran\u00edk &gt; N\u00e1dra\u017e\u00ed Mod\u0159any &gt; S\u00eddli\u0161t\u011b Mod\u0159any &gt; Libu\u0161<\/li>\n<li>N\u00e1m\u011bst\u00ed Brat\u0159\u00ed Synk\u016f &gt; Pra\u017esk\u00e9ho povst\u00e1n\u00ed &gt; Pankr\u00e1c<\/li>\n<li>N\u00e1m\u011bst\u00ed Brat\u0159\u00ed Synk\u016f &gt; Pra\u017esk\u00e9ho povst\u00e1n\u00ed &gt; Vozovna Pankr\u00e1c<\/li>\n<li>N\u00e1m\u011bst\u00ed Brat\u0159\u00ed Synk\u016f &gt; Spo\u0159ilov<\/li>\n<li>Palmovka &gt; Bulovka &gt; Kobylisy &gt; S\u00eddli\u0161t\u011b \u010e\u00e1blice<\/li>\n<li>Palmovka &gt; Bulovka &gt; Kobylisy &gt; Vozovna Kobylisy<\/li>\n<li>Palmovka &gt; N\u00e1dra\u017e\u00ed Libe\u0148 &gt; Star\u00fd Hloub\u011bt\u00edn &gt; Lehovec<\/li>\n<li>Palmovka &gt; N\u00e1dra\u017e\u00ed Vyso\u010dany &gt; Star\u00fd Hloub\u011bt\u00edn &gt; Lehovec<\/li>\n<li>Palmovka &gt; Ohrada &gt; Spojovac\u00ed (only direct tram via station Krejc\u00e1rek)<\/li>\n<li>Sm\u00edchovsk\u00e9 n\u00e1dra\u017e\u00ed &gt; Hlubo\u010depy &gt; S\u00eddli\u0161t\u011b Barrandov &gt; Slivenec<\/li>\n<li>\u017delivsk\u00e9ho &gt; Vinice &gt; Nov\u00e9 Stra\u0161nice &gt; Depo Hostiva\u0159 &gt; \u00dast\u0159edn\u00ed d\u00edlny DP<\/li>\n<li>\u017delivsk\u00e9ho &gt; Stra\u0161nick\u00e1 &gt; Star\u00e9 Stra\u0161nice &gt; Zahradn\u00ed M\u011bsto &gt; N\u00e1dra\u017e\u00ed Hostiva\u0159<\/li>\n<\/ul>\n<p><img decoding=\"async\" src=\"https:\/\/pid.cz\/wp-content\/uploads\/mapy\/ostatni\/a5_cyklo_doprava.png\" alt=\"Tram sections with permitted bicycle transport\" \/><br \/>\n<\/div>\n<h3 id=\"bicycles\">Bicycles in the Region<\/h3>\n<p>In the <strong>Region<\/strong> (outer zones 1-13) bicycle transportation is only allowed on trains. There are three options for bicycle tickets depending on what ticket is the passenger using:<\/p>\n<ul>\n<li>If the passenger has a <a href=\"\/en\/tickets-and-fare\/\">PID ticket<\/a>, they can buy a <b>two-hour<\/b> ticket for <b>30 CZK<\/b>. This ticket is valid for 120 minutes from purchase only in the Region.<\/li>\n<li>If the passenger has a <a href=\"\/en\/tickets-and-fare\/\">PID ticket<\/a>, they can buy a <b>day<\/b> ticket for <b>80 CZK<\/b>. This ticket is valid from purchase until 4 AM of the following day and is valid only in the Region.<\/li>\n<li>If the passenger has a railway ticket, they must buy a special train ticket for bicycles according to the fare of the railway carrier.<\/li>\n<\/ul>\n","protected":false},"excerpt":{"rendered":"<p>Valid as of 1.1.2026 The conditions for transporting luggage and dogs are slightly different in Prague, outside Prague and on PID trains. Ticket prices vary depending on the method of purchase. Belongings Price Prague Baby strollers (with a baby) 0 CZK 0 CZK Dog on a leash and with a muzzle 0 CZK 25 CZK [&hellip;]<\/p>\n","protected":false},"author":47,"featured_media":0,"parent":0,"menu_order":10400,"comment_status":"closed","ping_status":"closed","template":"","meta":{"_acf_changed":false,"footnotes":""},"class_list":["post-131699","page","type-page","status-publish","hentry"],"acf":[],"_links":{"self":[{"href":"https:\/\/pid.cz\/en\/wp-json\/wp\/v2\/pages\/131699","targetHints":{"allow":["GET"]}}],"collection":[{"href":"https:\/\/pid.cz\/en\/wp-json\/wp\/v2\/pages"}],"about":[{"href":"https:\/\/pid.cz\/en\/wp-json\/wp\/v2\/types\/page"}],"author":[{"embeddable":true,"href":"https:\/\/pid.cz\/en\/wp-json\/wp\/v2\/users\/47"}],"replies":[{"embeddable":true,"href":"https:\/\/pid.cz\/en\/wp-json\/wp\/v2\/comments?post=131699"}],"version-history":[{"count":40,"href":"https:\/\/pid.cz\/en\/wp-json\/wp\/v2\/pages\/131699\/revisions"}],"predecessor-version":[{"id":210254,"href":"https:\/\/pid.cz\/en\/wp-json\/wp\/v2\/pages\/131699\/revisions\/210254"}],"wp:attachment":[{"href":"https:\/\/pid.cz\/en\/wp-json\/wp\/v2\/media?parent=131699"}],"curies":[{"name":"wp","href":"https:\/\/api.w.org\/{rel}","templated":true}]}}