{"id":131760,"date":"2022-02-23T13:32:53","date_gmt":"2022-02-23T12:32:53","guid":{"rendered":"https:\/\/testweb.pid.cz\/travel-information\/night-traffic\/"},"modified":"2024-05-28T11:40:05","modified_gmt":"2024-05-28T09:40:05","slug":"night-traffic","status":"publish","type":"page","link":"https:\/\/pid.cz\/en\/travel-information\/night-traffic\/","title":{"rendered":"Night traffic"},"content":{"rendered":"<p><center><\/p>\n<table style=\"text-align: center;\">\n<tr>\n<td style=\"background-color: rgba(242, 242, 242, 0.2); width: 36\">&emsp;<img loading=\"lazy\" decoding=\"async\" src=\"https:\/\/pid.cz\/wp-content\/themes\/pid\/images\/travel-night.svg\" width=\"28\" height=\"28\"><\/td>\n<td style=\"background-color: rgba(242, 242, 242, 0.2); \"><big><a href=\"https:\/\/pid.cz\/en\/lines\/night-transport\/\">Timetables<\/a>&emsp;|&emsp;<a href=\"https:\/\/pid.cz\/en\/transport-schemes\/\">Transit&nbsp;maps<\/a>&emsp;|&emsp;<a href=\"https:\/\/mapa.pid.cz\/?filter=90,91,92,93,94,95,96,97,98,99,901,902,903,904,905,906,907,908,909,910,911,912,913,914,915,916,917,951,952,953,954,955,956,957,958,959,960&#038;zoom=10.5&#038;lon=14.4500&#038;lat=50.0800\">Live&nbsp;positions<\/a><\/big>&emsp;<\/td>\n<\/tr>\n<\/table>\n<p><\/center><\/p>\n<h2>Night service<\/h2>\n<p><img loading=\"lazy\" decoding=\"async\" width=\"345\" height=\"220\" class=\"size-full wp-image-3665 alignright\" src=\"https:\/\/pid.cz\/wp-content\/uploads\/2016\/01\/noc_02.jpg\" alt=\"No\u010dn\u00ed tramvaj\" srcset=\"https:\/\/pid.cz\/wp-content\/uploads\/2016\/01\/noc_02.jpg 345w, https:\/\/pid.cz\/wp-content\/uploads\/2016\/01\/noc_02-300x191.jpg 300w\" sizes=\"auto, (max-width: 345px) 100vw, 345px\" \/><\/p>\n<p>Night service replaces day lines of trams and buses between midnight and 4:30, when the metro does not operate. Night tram routes <strong>90\u201399<\/strong> depart every 30 minutes. All tram lines meet at <a href=\"\/wp-content\/uploads\/mapy\/uzly-praha\/Lazarska-noc.pdf\" title=\"Plan of the stop\">Lazarsk\u00e1 stop<\/a> where they wait for each other to allow transfers.<\/p>\n<p>Night buses have route numbers <strong>901\u2013917<\/strong> operate with a headway of 30 or 60 minutes. In certain stops the buses wait for trams or other buses.<\/p>\n<p>Several regional bus lines <strong>951\u2013960<\/strong> serve the Central Bohemian Region.<\/p>\n<p>Night trains depart at 0:30 on the main routes from Hlavn\u00ed n\u00e1dra\u017e\u00ed Main railway station.<\/p>\n<div id=\"attachment_2783\" style=\"width: 310px\" class=\"wp-caption aligncenter\"><a href=\"https:\/\/pid.cz\/wp-content\/uploads\/mapy\/schemata-trvala\/a4_nocni_provoz.pdf\"><img loading=\"lazy\" decoding=\"async\" aria-describedby=\"caption-attachment-2783\" class=\"wp-image-2783 size-medium\" src=\"https:\/\/pid.cz\/wp-content\/uploads\/mapy\/schemata-trvala\/a4_nocni_provoz-300x212.png\" alt=\"\" width=\"300\" height=\"212\" \/><\/a><p id=\"caption-attachment-2783\" class=\"wp-caption-text\">Map of night routes network<\/p><\/div>\n<h2>Night service to the airport<\/h2>\n<p>During night time (between midnight and 4:30) the airport is served by night bus lines which go all the way to the city centre. <a href=\"\/en\/travel-information\/how-do-i-get-from\/#airport-at-night\">More information on travelling to the airport.<\/a><\/p>\n<h2>Fare<\/h2>\n<p><a href=\"\/en\/tickets-and-fare\/\">Regular fare<\/a> applies on the night routes, there is no surcharge.<\/p>\n<h2>Accessibility<\/h2>\n<p>While all buses are low-floor, only a few trams serving night routes are accessible.<\/p>\n","protected":false},"excerpt":{"rendered":"<p>&emsp; Timetables&emsp;|&emsp;Transit&nbsp;maps&emsp;|&emsp;Live&nbsp;positions&emsp; Night service Night service replaces day lines of trams and buses between midnight and 4:30, when the metro does not operate. Night tram routes 90\u201399 depart every 30 minutes. All tram lines meet at Lazarsk\u00e1 stop where they wait for each other to allow transfers. Night buses have route numbers 901\u2013917 operate with [&hellip;]<\/p>\n","protected":false},"author":47,"featured_media":0,"parent":115032,"menu_order":8,"comment_status":"closed","ping_status":"closed","template":"","meta":{"_acf_changed":false,"footnotes":""},"class_list":["post-131760","page","type-page","status-publish","hentry"],"acf":[],"_links":{"self":[{"href":"https:\/\/pid.cz\/en\/wp-json\/wp\/v2\/pages\/131760","targetHints":{"allow":["GET"]}}],"collection":[{"href":"https:\/\/pid.cz\/en\/wp-json\/wp\/v2\/pages"}],"about":[{"href":"https:\/\/pid.cz\/en\/wp-json\/wp\/v2\/types\/page"}],"author":[{"embeddable":true,"href":"https:\/\/pid.cz\/en\/wp-json\/wp\/v2\/users\/47"}],"replies":[{"embeddable":true,"href":"https:\/\/pid.cz\/en\/wp-json\/wp\/v2\/comments?post=131760"}],"version-history":[{"count":13,"href":"https:\/\/pid.cz\/en\/wp-json\/wp\/v2\/pages\/131760\/revisions"}],"predecessor-version":[{"id":168578,"href":"https:\/\/pid.cz\/en\/wp-json\/wp\/v2\/pages\/131760\/revisions\/168578"}],"up":[{"embeddable":true,"href":"https:\/\/pid.cz\/en\/wp-json\/wp\/v2\/pages\/115032"}],"wp:attachment":[{"href":"https:\/\/pid.cz\/en\/wp-json\/wp\/v2\/media?parent=131760"}],"curies":[{"name":"wp","href":"https:\/\/api.w.org\/{rel}","templated":true}]}}