{"id":131788,"date":"2022-02-23T14:11:34","date_gmt":"2022-02-23T13:11:34","guid":{"rendered":"https:\/\/testweb.pid.cz\/trolleybuses-2\/"},"modified":"2026-04-01T11:10:27","modified_gmt":"2026-04-01T09:10:27","slug":"trolleybuses","status":"publish","type":"page","link":"https:\/\/pid.cz\/en\/trolleybuses\/","title":{"rendered":"Trolleybuses"},"content":{"rendered":"<p><img loading=\"lazy\" decoding=\"async\" class=\"alignnone wp-image-160729 size-large\" src=\"https:\/\/pid.cz\/wp-content\/uploads\/Ilustracni-foto\/22_10_15_Trolejbusy_Sedlecka_Sandra_Ropid_-20-scaled-e1704287277482-1024x576.jpg\" width=\"1024\" height=\"576\" srcset=\"https:\/\/pid.cz\/wp-content\/uploads\/Ilustracni-foto\/22_10_15_Trolejbusy_Sedlecka_Sandra_Ropid_-20-scaled-e1704287277482-1024x576.jpg 1024w, https:\/\/pid.cz\/wp-content\/uploads\/Ilustracni-foto\/22_10_15_Trolejbusy_Sedlecka_Sandra_Ropid_-20-scaled-e1704287277482-300x169.jpg 300w, https:\/\/pid.cz\/wp-content\/uploads\/Ilustracni-foto\/22_10_15_Trolejbusy_Sedlecka_Sandra_Ropid_-20-scaled-e1704287277482-768x432.jpg 768w, https:\/\/pid.cz\/wp-content\/uploads\/Ilustracni-foto\/22_10_15_Trolejbusy_Sedlecka_Sandra_Ropid_-20-scaled-e1704287277482-1536x864.jpg 1536w, https:\/\/pid.cz\/wp-content\/uploads\/Ilustracni-foto\/22_10_15_Trolejbusy_Sedlecka_Sandra_Ropid_-20-scaled-e1704287277482-2048x1152.jpg 2048w, https:\/\/pid.cz\/wp-content\/uploads\/Ilustracni-foto\/22_10_15_Trolejbusy_Sedlecka_Sandra_Ropid_-20-scaled-e1704287277482-790x444.jpg 790w, https:\/\/pid.cz\/wp-content\/uploads\/Ilustracni-foto\/22_10_15_Trolejbusy_Sedlecka_Sandra_Ropid_-20-scaled-e1704287277482-1920x1080.jpg 1920w, https:\/\/pid.cz\/wp-content\/uploads\/Ilustracni-foto\/22_10_15_Trolejbusy_Sedlecka_Sandra_Ropid_-20-scaled-e1704287277482-700x394.jpg 700w\" sizes=\"auto, (max-width: 1024px) 100vw, 1024px\" \/><br \/>\n<center><\/p>\n<table style=\"text-align: center;\">\n<tbody>\n<tr>\n<td style=\"background-color: rgba(242, 242, 242, 0.2); width: 36;\">\n<p>&emsp;<img loading=\"lazy\" decoding=\"async\" src=\"https:\/\/pid.cz\/wp-content\/themes\/pid\/images\/travel-trolley.svg\" width=\"28\" height=\"28\" \/><\/td>\n<td style=\"background-color: rgba(242, 242, 242, 0.2);\">\n<p><big><a href=\"https:\/\/pid.cz\/en\/lines\/trolleybuses\/\">Timetables<\/a>&emsp;|&emsp;<a href=\"https:\/\/pid.cz\/en\/transport-schemes\/\">Transit&nbsp;maps<\/a>&emsp;|&emsp;<a href=\"https:\/\/mapa.pid.cz\/?filter=58,59&amp;zoom=12.0&amp;lon=14.4500&amp;lat=50.0800\">Live&nbsp;positions<\/a><\/big>&emsp;<\/td>\n<\/tr>\n<\/tbody>\n<\/table>\n<p><\/center><\/p>\n<p>This environmentaly friendly mode of transport is now experiencing a comeback and since 2024 there are two trolleybus lines in service, numbers 58 and 59. These lines operate from 05:00 until 24:00.<\/p>\n<h2>Fare<\/h2>\n<p>The fare is the same as on <a href=\"\/en\/buses\/#buses-urban\">regular buses<\/a>.<\/p>\n<h2>Accessibility<\/h2>\n<p>All trolleybuses are low floor.<\/p>\n<h2>Development of the network<\/h2>\n<p><a href=\"https:\/\/pid.cz\/wp-content\/uploads\/mapy\/ostatni\/TROL-mapy-2026-03_LV.jpg\"><img loading=\"lazy\" decoding=\"async\" class=\"alignnone wp-image-160758 size-large\" src=\"https:\/\/pid.cz\/wp-content\/uploads\/mapy\/ostatni\/TROL-mapy-2026-03_LV-1024x724.jpg\" alt=\"Map of planned trolleybus network development\" width=\"1024\" height=\"724\" srcset=\"https:\/\/pid.cz\/wp-content\/uploads\/mapy\/ostatni\/TROL-mapy-2026-03_LV-1024x724.jpg 1024w, https:\/\/pid.cz\/wp-content\/uploads\/mapy\/ostatni\/TROL-mapy-2026-03_LV-300x212.jpg 300w, https:\/\/pid.cz\/wp-content\/uploads\/mapy\/ostatni\/TROL-mapy-2026-03_LV-768x543.jpg 768w, https:\/\/pid.cz\/wp-content\/uploads\/mapy\/ostatni\/TROL-mapy-2026-03_LV-1536x1086.jpg 1536w, https:\/\/pid.cz\/wp-content\/uploads\/mapy\/ostatni\/TROL-mapy-2026-03_LV-2048x1448.jpg 2048w, https:\/\/pid.cz\/wp-content\/uploads\/mapy\/ostatni\/TROL-mapy-2026-03_LV-790x559.jpg 790w, https:\/\/pid.cz\/wp-content\/uploads\/mapy\/ostatni\/TROL-mapy-2026-03_LV-1920x1358.jpg 1920w, https:\/\/pid.cz\/wp-content\/uploads\/mapy\/ostatni\/TROL-mapy-2026-03_LV-700x495.jpg 700w\" sizes=\"auto, (max-width: 1024px) 100vw, 1024px\" \/><\/a><\/p>\n<h3 class=\"expandable\">Line 51 (bus 131)<\/h3><div class=\"expandable-content\"><\/p>\n<p>Current bus line 131<\/p>\n<p><strong>Bo\u0159islavka \u2013 U Mat\u011bje \u2013 Zelen\u00e1 \u2013 Hrad\u010dansk\u00e1<\/strong><\/p>\n<p><img loading=\"lazy\" decoding=\"async\" class=\"alignnone wp-image-160765 size-large\" src=\"https:\/\/pid.cz\/wp-content\/uploads\/mapy\/ostatni\/TROL-mapy-2026-03_linky-51-1024x724.jpg\" alt=\"\" width=\"1024\" height=\"724\" srcset=\"https:\/\/pid.cz\/wp-content\/uploads\/mapy\/ostatni\/TROL-mapy-2026-03_linky-51-1024x724.jpg 1024w, https:\/\/pid.cz\/wp-content\/uploads\/mapy\/ostatni\/TROL-mapy-2026-03_linky-51-300x212.jpg 300w, https:\/\/pid.cz\/wp-content\/uploads\/mapy\/ostatni\/TROL-mapy-2026-03_linky-51-768x543.jpg 768w, https:\/\/pid.cz\/wp-content\/uploads\/mapy\/ostatni\/TROL-mapy-2026-03_linky-51-1536x1086.jpg 1536w, https:\/\/pid.cz\/wp-content\/uploads\/mapy\/ostatni\/TROL-mapy-2026-03_linky-51-2048x1448.jpg 2048w, https:\/\/pid.cz\/wp-content\/uploads\/mapy\/ostatni\/TROL-mapy-2026-03_linky-51-790x559.jpg 790w, https:\/\/pid.cz\/wp-content\/uploads\/mapy\/ostatni\/TROL-mapy-2026-03_linky-51-1920x1358.jpg 1920w, https:\/\/pid.cz\/wp-content\/uploads\/mapy\/ostatni\/TROL-mapy-2026-03_linky-51-700x495.jpg 700w\" sizes=\"auto, (max-width: 1024px) 100vw, 1024px\" \/><\/p>\n<p><\/div>\n<h3 class=\"expandable\">Line 52 (bus 137)<\/h3><div class=\"expandable-content\"><\/p>\n<p>Current bus line 137<\/p>\n<p><strong>Na Kn\u00ed\u017eec\u00ed \u2013 Santo\u0161ka \u2013 Malvazinky \u2013 U Waltrovky<\/strong><\/p>\n<p><img loading=\"lazy\" decoding=\"async\" class=\"alignnone wp-image-160755 size-large\" src=\"https:\/\/pid.cz\/wp-content\/uploads\/mapy\/ostatni\/TROL-mapy-2026-03_linky-52-1024x724.jpg\" alt=\"\" width=\"1024\" height=\"724\" srcset=\"https:\/\/pid.cz\/wp-content\/uploads\/mapy\/ostatni\/TROL-mapy-2026-03_linky-52-1024x724.jpg 1024w, https:\/\/pid.cz\/wp-content\/uploads\/mapy\/ostatni\/TROL-mapy-2026-03_linky-52-300x212.jpg 300w, https:\/\/pid.cz\/wp-content\/uploads\/mapy\/ostatni\/TROL-mapy-2026-03_linky-52-768x543.jpg 768w, https:\/\/pid.cz\/wp-content\/uploads\/mapy\/ostatni\/TROL-mapy-2026-03_linky-52-1536x1086.jpg 1536w, https:\/\/pid.cz\/wp-content\/uploads\/mapy\/ostatni\/TROL-mapy-2026-03_linky-52-2048x1448.jpg 2048w, https:\/\/pid.cz\/wp-content\/uploads\/mapy\/ostatni\/TROL-mapy-2026-03_linky-52-790x559.jpg 790w, https:\/\/pid.cz\/wp-content\/uploads\/mapy\/ostatni\/TROL-mapy-2026-03_linky-52-1920x1358.jpg 1920w, https:\/\/pid.cz\/wp-content\/uploads\/mapy\/ostatni\/TROL-mapy-2026-03_linky-52-700x495.jpg 700w\" sizes=\"auto, (max-width: 1024px) 100vw, 1024px\" \/><\/p>\n<p><strong>Status<\/strong>: In trial service since April 1st 2026.<\/p>\n<p><\/div>\n<h3 class=\"expandable\">Line 53 (bus 176)<\/h3><div class=\"expandable-content\"><\/p>\n<p>Current bus line 176<\/p>\n<p><strong>Karlovo n\u00e1m\u011bst\u00ed \u2013 \u0160vandovo divadlo \u2013 Hole\u010dkova \u2013 Stadion Strahov<\/strong><\/p>\n<p><img loading=\"lazy\" decoding=\"async\" class=\"alignnone wp-image-160749 size-large\" src=\"https:\/\/pid.cz\/wp-content\/uploads\/mapy\/ostatni\/TROL-mapy-2026-03_linky-53-1024x724.jpg\" alt=\"\" width=\"1024\" height=\"724\" srcset=\"https:\/\/pid.cz\/wp-content\/uploads\/mapy\/ostatni\/TROL-mapy-2026-03_linky-53-1024x724.jpg 1024w, https:\/\/pid.cz\/wp-content\/uploads\/mapy\/ostatni\/TROL-mapy-2026-03_linky-53-300x212.jpg 300w, https:\/\/pid.cz\/wp-content\/uploads\/mapy\/ostatni\/TROL-mapy-2026-03_linky-53-768x543.jpg 768w, https:\/\/pid.cz\/wp-content\/uploads\/mapy\/ostatni\/TROL-mapy-2026-03_linky-53-1536x1086.jpg 1536w, https:\/\/pid.cz\/wp-content\/uploads\/mapy\/ostatni\/TROL-mapy-2026-03_linky-53-2048x1448.jpg 2048w, https:\/\/pid.cz\/wp-content\/uploads\/mapy\/ostatni\/TROL-mapy-2026-03_linky-53-790x559.jpg 790w, https:\/\/pid.cz\/wp-content\/uploads\/mapy\/ostatni\/TROL-mapy-2026-03_linky-53-1920x1358.jpg 1920w, https:\/\/pid.cz\/wp-content\/uploads\/mapy\/ostatni\/TROL-mapy-2026-03_linky-53-700x495.jpg 700w\" sizes=\"auto, (max-width: 1024px) 100vw, 1024px\" \/><\/p>\n<p><\/div>\n<h3 class=\"expandable\">Line 58<\/h3><div class=\"expandable-content\"><\/p>\n<p>Trolleybus line 58 (former bus line 140)<\/p>\n<p><strong>Palmovka \u2013 Prosek \u2013 Let\u0148any \u2013 OC \u010cakovice \u2013 \u010cakovice \u2013 Mi\u0161kovice<\/strong><\/p>\n<p><img loading=\"lazy\" decoding=\"async\" class=\"alignnone wp-image-160752 size-large\" src=\"https:\/\/pid.cz\/wp-content\/uploads\/mapy\/ostatni\/TROL-mapy-2026-03_linky-58-1024x724.jpg\" alt=\"\" width=\"1024\" height=\"724\" srcset=\"https:\/\/pid.cz\/wp-content\/uploads\/mapy\/ostatni\/TROL-mapy-2026-03_linky-58-1024x724.jpg 1024w, https:\/\/pid.cz\/wp-content\/uploads\/mapy\/ostatni\/TROL-mapy-2026-03_linky-58-300x212.jpg 300w, https:\/\/pid.cz\/wp-content\/uploads\/mapy\/ostatni\/TROL-mapy-2026-03_linky-58-768x543.jpg 768w, https:\/\/pid.cz\/wp-content\/uploads\/mapy\/ostatni\/TROL-mapy-2026-03_linky-58-1536x1086.jpg 1536w, https:\/\/pid.cz\/wp-content\/uploads\/mapy\/ostatni\/TROL-mapy-2026-03_linky-58-2048x1448.jpg 2048w, https:\/\/pid.cz\/wp-content\/uploads\/mapy\/ostatni\/TROL-mapy-2026-03_linky-58-790x559.jpg 790w, https:\/\/pid.cz\/wp-content\/uploads\/mapy\/ostatni\/TROL-mapy-2026-03_linky-58-1920x1358.jpg 1920w, https:\/\/pid.cz\/wp-content\/uploads\/mapy\/ostatni\/TROL-mapy-2026-03_linky-58-700x495.jpg 700w\" sizes=\"auto, (max-width: 1024px) 100vw, 1024px\" \/><\/p>\n<p><strong>Status<\/strong>: In service.<\/p>\n<p><\/div>\n<h3 class=\"expandable\">Line 59<\/h3><div class=\"expandable-content\"><br \/>\nTrolleybus line 59 (former bus line 119)<\/p>\n<p><strong>N\u00e1dra\u017e\u00ed Veleslav\u00edn \u2013 Divok\u00e1 \u0160\u00e1rka \u2013 K Leti\u0161ti \u2013 Leti\u0161t\u011b<\/strong><\/p>\n<p><img loading=\"lazy\" decoding=\"async\" class=\"alignnone wp-image-160751 size-large\" src=\"https:\/\/pid.cz\/wp-content\/uploads\/mapy\/ostatni\/TROL-mapy-2026-03_linky-59-1024x724.jpg\" alt=\"\" width=\"1024\" height=\"724\" srcset=\"https:\/\/pid.cz\/wp-content\/uploads\/mapy\/ostatni\/TROL-mapy-2026-03_linky-59-1024x724.jpg 1024w, https:\/\/pid.cz\/wp-content\/uploads\/mapy\/ostatni\/TROL-mapy-2026-03_linky-59-300x212.jpg 300w, https:\/\/pid.cz\/wp-content\/uploads\/mapy\/ostatni\/TROL-mapy-2026-03_linky-59-768x543.jpg 768w, https:\/\/pid.cz\/wp-content\/uploads\/mapy\/ostatni\/TROL-mapy-2026-03_linky-59-1536x1086.jpg 1536w, https:\/\/pid.cz\/wp-content\/uploads\/mapy\/ostatni\/TROL-mapy-2026-03_linky-59-2048x1448.jpg 2048w, https:\/\/pid.cz\/wp-content\/uploads\/mapy\/ostatni\/TROL-mapy-2026-03_linky-59-790x559.jpg 790w, https:\/\/pid.cz\/wp-content\/uploads\/mapy\/ostatni\/TROL-mapy-2026-03_linky-59-1920x1358.jpg 1920w, https:\/\/pid.cz\/wp-content\/uploads\/mapy\/ostatni\/TROL-mapy-2026-03_linky-59-700x495.jpg 700w\" sizes=\"auto, (max-width: 1024px) 100vw, 1024px\" \/><\/p>\n<p><strong>Status<\/strong>: In service.<\/p>\n<p><\/div>\n","protected":false},"excerpt":{"rendered":"<p>&emsp; Timetables&emsp;|&emsp;Transit&nbsp;maps&emsp;|&emsp;Live&nbsp;positions&emsp; This environmentaly friendly mode of transport is now experiencing a comeback and since 2024 there are two trolleybus lines in service, numbers 58 and 59. These lines operate from 05:00 until 24:00. Fare The fare is the same as on regular buses. Accessibility All trolleybuses are low floor. Development of the network<\/p>\n","protected":false},"author":47,"featured_media":0,"parent":0,"menu_order":70400,"comment_status":"closed","ping_status":"closed","template":"","meta":{"_acf_changed":false,"footnotes":""},"class_list":["post-131788","page","type-page","status-publish","hentry"],"acf":[],"_links":{"self":[{"href":"https:\/\/pid.cz\/en\/wp-json\/wp\/v2\/pages\/131788","targetHints":{"allow":["GET"]}}],"collection":[{"href":"https:\/\/pid.cz\/en\/wp-json\/wp\/v2\/pages"}],"about":[{"href":"https:\/\/pid.cz\/en\/wp-json\/wp\/v2\/types\/page"}],"author":[{"embeddable":true,"href":"https:\/\/pid.cz\/en\/wp-json\/wp\/v2\/users\/47"}],"replies":[{"embeddable":true,"href":"https:\/\/pid.cz\/en\/wp-json\/wp\/v2\/comments?post=131788"}],"version-history":[{"count":25,"href":"https:\/\/pid.cz\/en\/wp-json\/wp\/v2\/pages\/131788\/revisions"}],"predecessor-version":[{"id":216160,"href":"https:\/\/pid.cz\/en\/wp-json\/wp\/v2\/pages\/131788\/revisions\/216160"}],"wp:attachment":[{"href":"https:\/\/pid.cz\/en\/wp-json\/wp\/v2\/media?parent=131788"}],"curies":[{"name":"wp","href":"https:\/\/api.w.org\/{rel}","templated":true}]}}