{"id":173960,"date":"2024-09-09T06:30:30","date_gmt":"2024-09-09T04:30:30","guid":{"rendered":"https:\/\/pid.cz\/organisational-structure-of-ropid\/"},"modified":"2024-09-09T07:06:03","modified_gmt":"2024-09-09T05:06:03","slug":"organisational-structure-of-ropid","status":"publish","type":"page","link":"https:\/\/pid.cz\/en\/organisational-structure-of-ropid\/","title":{"rendered":"Organisational structure of ROPID"},"content":{"rendered":"<p style=\"text-align: right;\"><em>Status as of 1.9.2024<\/em><\/p>\n<h2>Management of the organization<\/h2>\n<p style=\"padding-left: 40px;\"><strong>Director of ROPID<\/strong> &#8211; Petr Tom\u010d\u00edk<\/p>\n<p style=\"padding-left: 40px;\"><strong>Deputy Director for Suburban Transport and Dispatching<\/strong> &#8211; V\u00e1clav Haas<\/p>\n<p style=\"padding-left: 40px;\"><strong>Deputy Director for Economics; statutory representative<\/strong> &#8211;\u00a0 Miroslava Sta\u0148kov\u00e1<\/p>\n<p style=\"padding-left: 40px;\"><strong>Deputy Director for Urban Transport and Marketing <\/strong>&#8211; Martin \u0160ubrt<\/p>\n<p style=\"padding-left: 40px;\"><strong>Deputy Director for Technology<\/strong> &#8211; Radim Vyslou\u017eil<\/p>\n<p style=\"padding-left: 40px;\">Director&#8217;s Secretariat<\/p>\n<h2>Department of Economics<\/h2>\n<p style=\"padding-left: 40px;\">Head of Department<\/p>\n<h3>Department of Transport Economics<\/h3>\n<p style=\"padding-left: 40px;\">Head of Department<\/p>\n<p style=\"padding-left: 40px;\">Budget Officers of Transport<\/p>\n<h3>Internal Administration Department<\/h3>\n<p style=\"padding-left: 40px;\">Head of Department<\/p>\n<p style=\"padding-left: 40px;\">Budget Officers<\/p>\n<p style=\"padding-left: 40px;\">Personnel Officer<\/p>\n<p style=\"padding-left: 40px;\">Accountant<\/p>\n<h2>Department of Quality of Service<\/h2>\n<p style=\"padding-left: 40px;\">Head of Department<strong>\u00a0<\/strong><\/p>\n<h3>Control Department<\/h3>\n<p style=\"padding-left: 40px;\">Head of Department<\/p>\n<p style=\"padding-left: 40px;\">Quality Managers<\/p>\n<h3>Surveys Department<\/h3>\n<p style=\"padding-left: 40px;\">Head of Department<\/p>\n<p style=\"padding-left: 40px;\">Quality Manager<\/p>\n<p style=\"padding-left: 40px;\">Explorers<\/p>\n<h2>Marketing Department<\/h2>\n<p style=\"padding-left: 40px;\">Head of Department<\/p>\n<p style=\"padding-left: 40px;\">Spokesperson<\/p>\n<h3>Promotion Department<\/h3>\n<p style=\"padding-left: 40px;\">Head of Department<\/p>\n<p style=\"padding-left: 40px;\">Graphic Designers<\/p>\n<p style=\"padding-left: 40px;\">Information Centre Staff<\/p>\n<p style=\"padding-left: 40px;\">Promotional Officers<\/p>\n<h3>Department of Communication<\/h3>\n<p style=\"padding-left: 40px;\">Head of Department<\/p>\n<p style=\"padding-left: 40px;\">Customer Service Centre Staff<\/p>\n<p style=\"padding-left: 40px;\">Information Dispatchers<\/p>\n<h2>Urban Transport Department<\/h2>\n<p style=\"padding-left: 40px;\">Head of Department<\/p>\n<h3>Urban Transport Planning Department<\/h3>\n<p style=\"padding-left: 40px;\">Head of Department<\/p>\n<p style=\"padding-left: 40px;\">traffic officers<\/p>\n<h3>Department of Urban Transport Design<\/h3>\n<p style=\"padding-left: 40px;\">Head of Department<\/p>\n<p style=\"padding-left: 40px;\">traffic officers<\/p>\n<p style=\"padding-left: 40px;\">Information and Communication Technology Designer<\/p>\n<h2>Suburban Transport Department<\/h2>\n<p style=\"padding-left: 40px;\">Head of Department<strong>\u00a0<\/strong><\/p>\n<h3>Suburban Transport Planning Department<\/h3>\n<p style=\"padding-left: 40px;\">Head of Department<\/p>\n<p style=\"padding-left: 40px;\">Transport Officers<\/p>\n<h3>Department of Concept and Infrastructure<\/h3>\n<p style=\"padding-left: 40px;\">Head of Department<\/p>\n<p style=\"padding-left: 40px;\">Transport Officers &#8211; Railways<\/p>\n<p style=\"padding-left: 40px;\">Transport Officer<\/p>\n<h2>Department of Dispatching<\/h2>\n<p style=\"padding-left: 40px;\">Head of Department<strong>\u00a0<\/strong><\/p>\n<h3>Coordination Dispatching Department<\/h3>\n<p style=\"padding-left: 40px;\">Head of Department<\/p>\n<p style=\"padding-left: 40px;\">Dispatchers<\/p>\n<h3>Bezba Transport Department<\/h3>\n<p style=\"padding-left: 40px;\">Head of Department<\/p>\n<p style=\"padding-left: 40px;\">Dispatchers<\/p>\n<p style=\"padding-left: 40px;\">Quality and Communication Manager<\/p>\n<h2>Department of Technical Development and Projects<\/h2>\n<p style=\"padding-left: 40px;\">Head of Department<strong>\u00a0<\/strong><\/p>\n<h3>Department of Technical Development<\/h3>\n<p style=\"padding-left: 40px;\">Head of Department<\/p>\n<p style=\"padding-left: 40px;\">Information and Communication Technology Designer<\/p>\n<p style=\"padding-left: 40px;\">ICT administrators<\/p>\n<p style=\"padding-left: 40px;\">ICT analyst<\/p>\n<h3>Concept, Project and Project Management Department<\/h3>\n<p style=\"padding-left: 40px;\">Head of Department<\/p>\n<p style=\"padding-left: 40px;\">Coordinators of Strategic and Conceptual Projects<\/p>\n<p style=\"padding-left: 40px;\">Information and Communication Technology Analyst<\/p>\n<h2>Department of Stop Care<\/h2>\n<p style=\"padding-left: 40px;\">Head of Department<strong>\u00a0<\/strong><\/p>\n<h3>Stop Service Department<\/h3>\n<p style=\"padding-left: 40px;\">Head of Department<\/p>\n<p style=\"padding-left: 40px;\">Stop Service Staff<\/p>\n<h3>Terminal Management Department<\/h3>\n<p style=\"padding-left: 40px;\">Head of Department<\/p>\n<p style=\"padding-left: 40px;\">Transport Officers<\/p>\n","protected":false},"excerpt":{"rendered":"<p>Status as of 1.9.2024 Management of the organization Director of ROPID &#8211; Petr Tom\u010d\u00edk Deputy Director for Suburban Transport and Dispatching &#8211; V\u00e1clav Haas Deputy Director for Economics; statutory representative &#8211;\u00a0 Miroslava Sta\u0148kov\u00e1 Deputy Director for Urban Transport and Marketing &#8211; Martin \u0160ubrt Deputy Director for Technology &#8211; Radim Vyslou\u017eil Director&#8217;s Secretariat Department of Economics [&hellip;]<\/p>\n","protected":false},"author":47,"featured_media":0,"parent":0,"menu_order":3,"comment_status":"closed","ping_status":"closed","template":"","meta":{"_acf_changed":false,"footnotes":""},"class_list":["post-173960","page","type-page","status-publish","hentry"],"acf":[],"_links":{"self":[{"href":"https:\/\/pid.cz\/en\/wp-json\/wp\/v2\/pages\/173960","targetHints":{"allow":["GET"]}}],"collection":[{"href":"https:\/\/pid.cz\/en\/wp-json\/wp\/v2\/pages"}],"about":[{"href":"https:\/\/pid.cz\/en\/wp-json\/wp\/v2\/types\/page"}],"author":[{"embeddable":true,"href":"https:\/\/pid.cz\/en\/wp-json\/wp\/v2\/users\/47"}],"replies":[{"embeddable":true,"href":"https:\/\/pid.cz\/en\/wp-json\/wp\/v2\/comments?post=173960"}],"version-history":[{"count":8,"href":"https:\/\/pid.cz\/en\/wp-json\/wp\/v2\/pages\/173960\/revisions"}],"predecessor-version":[{"id":173972,"href":"https:\/\/pid.cz\/en\/wp-json\/wp\/v2\/pages\/173960\/revisions\/173972"}],"wp:attachment":[{"href":"https:\/\/pid.cz\/en\/wp-json\/wp\/v2\/media?parent=173960"}],"curies":[{"name":"wp","href":"https:\/\/api.w.org\/{rel}","templated":true}]}}