{"id":177678,"date":"2024-11-21T15:09:30","date_gmt":"2024-11-21T14:09:30","guid":{"rendered":"https:\/\/pid.cz\/travel-information\/cyclists-in-the-prague-integrated-transport-system-pid\/"},"modified":"2024-11-27T11:56:20","modified_gmt":"2024-11-27T10:56:20","slug":"cyclists-in-the-prague-integrated-transport-system-pid","status":"publish","type":"page","link":"https:\/\/pid.cz\/en\/cyclists-in-the-prague-integrated-transport-system-pid\/","title":{"rendered":"Cyclists in the Prague Integrated Transport system (PID)"},"content":{"rendered":"<p>Prague Integrated Transport also thinks about cyclists, and so allows bikes to be carried in PID vehicles. <strong>In Prague<\/strong>, bikes can be carried <strong>on the metro, on trains<\/strong>, on selected sections of <strong>tram lines<\/strong>, <strong>on cable cars and on ferries<\/strong>.\u00a0<strong>On bus routes<\/strong>, bikes can only be carried on bus no. 147 (they are placed on a special frame at the back of the bus). Bikes are carried free of charge within Prague, on trains only if the passenger has a valid PID travel document or is entitled to free carriage.<\/p>\n<p><strong>In the region<\/strong>, bikes can only be carried on trains and on non-working days on selected bus lines that offer the carriage of bikes (see below). This carriage is for a fee &#8211; on trains according to the PID Tariff or the railway carrier&#8217;s tariff, on buses according to the PID Tariff.<\/p>\n<p><strong>Bikes cannot be carried when demand is high. Be considerate when carrying a bike<\/strong>; how other passengers and carriers view the carriage of bikes on the PID mostly depends on compliance with the conditions and the behaviour of the cyclists themselves.<\/p>\n<p>The conditions for carrying bikes also apply to <strong>scooters, unicycles and electric bikes and scooters<\/strong>, as well as vehicles of similar design and weight with an auxiliary electric propulsion system (if their dimensions exceed the conditions for the carriage of luggage). Folding bikes, folding scooters, children&#8217;s bikes and balance bikes for children up to 6 years of age may be carried in accordance with the conditions applicable for luggage (i.e. on all PID vehicles).<\/p>\n<div id=\"attachment_2779\" style=\"width: 610px\" class=\"wp-caption aligncenter\"><a href=\"https:\/\/pid.cz\/wp-content\/uploads\/mapy\/schemata-trvala\/a5_cyklo_doprava.pdf\"><img loading=\"lazy\" decoding=\"async\" aria-describedby=\"caption-attachment-2779\" class=\"wp-image-2779\" src=\"https:\/\/pid.cz\/wp-content\/uploads\/mapy\/schemata-trvala\/a5_cyklo_doprava-300x211.png\" alt=\"Sch\u00e9ma tras s mo\u017enost\u00ed p\u0159epravy j\u00edzdn\u00edch kol\" width=\"600\" height=\"423\" srcset=\"https:\/\/pid.cz\/wp-content\/uploads\/mapy\/schemata-trvala\/a5_cyklo_doprava-300x211.png 300w, https:\/\/pid.cz\/wp-content\/uploads\/mapy\/schemata-trvala\/a5_cyklo_doprava-1024x721.png 1024w, https:\/\/pid.cz\/wp-content\/uploads\/mapy\/schemata-trvala\/a5_cyklo_doprava-768x541.png 768w, https:\/\/pid.cz\/wp-content\/uploads\/mapy\/schemata-trvala\/a5_cyklo_doprava-1536x1082.png 1536w, https:\/\/pid.cz\/wp-content\/uploads\/mapy\/schemata-trvala\/a5_cyklo_doprava-790x556.png 790w, https:\/\/pid.cz\/wp-content\/uploads\/mapy\/schemata-trvala\/a5_cyklo_doprava-700x493.png 700w, https:\/\/pid.cz\/wp-content\/uploads\/mapy\/schemata-trvala\/a5_cyklo_doprava.png 1654w\" sizes=\"auto, (max-width: 600px) 100vw, 600px\" \/><\/a><p id=\"caption-attachment-2779\" class=\"wp-caption-text\">Diagram showing routes on which bikes can be carried<\/p><\/div>\n<h2>Metro<\/h2>\n<p>On the metro, except for the first platform directly behind the driver, bikes may be carried on each of the first and last platforms of each carriage (maximum of two bikes per platform). Bikes can be carried on the metro <strong>free of charge<\/strong>.<\/p>\n<p><a href=\"https:\/\/pid.cz\/wp-content\/uploads\/2016\/01\/Cykliste-v-metru.png\"><img loading=\"lazy\" decoding=\"async\" class=\"aligncenter wp-image-36331 size-large\" src=\"https:\/\/pid.cz\/wp-content\/uploads\/2016\/01\/Cykliste-v-metru-1024x171.png\" alt=\"\" width=\"1024\" height=\"171\" \/><\/a>Bikes can be transported using selected lifts at metro stations &#8211; currently And\u011bl, Bo\u0159islavka, \u010cern\u00fd Most, H\u00e1je, Chodov, Karlovo n\u00e1m\u011bst\u00ed, L\u00e1dv\u00ed, Let\u0148any, N\u00e1rodn\u00ed t\u0159\u00edda, Nemocnice Motol, Opatov, Palmovka, Pankr\u00e1c, Pet\u0159iny, Prosek, Roztyly, Skalka, St\u0159\u00ed\u017ekov. These lifts are marked with a blue bike pictogram.<\/p>\n<table class=\"smaller-padding aligncenter\" style=\"height: 254px;\" width=\"298\">\n<tbody>\n<tr>\n<td><a href=\"https:\/\/pid.cz\/wp-content\/uploads\/2016\/01\/cykliste_vytah-ne.png\" target=\"_blank\" rel=\"attachment wp-att-3474 noopener\"><img loading=\"lazy\" decoding=\"async\" class=\"alignnone wp-image-3474\" src=\"https:\/\/pid.cz\/wp-content\/uploads\/2016\/01\/cykliste_vytah-ne-169x300.png\" alt=\"V\u00fdtah se z\u00e1kazem p\u0159evozu kol\" width=\"125\" height=\"222\" srcset=\"https:\/\/pid.cz\/wp-content\/uploads\/2016\/01\/cykliste_vytah-ne-169x300.png 169w, https:\/\/pid.cz\/wp-content\/uploads\/2016\/01\/cykliste_vytah-ne.png 310w\" sizes=\"auto, (max-width: 125px) 100vw, 125px\" \/><\/a><\/td>\n<td><a href=\"https:\/\/pid.cz\/wp-content\/uploads\/2016\/01\/cykliste_vytah-ano.png\" target=\"_blank\" rel=\"attachment wp-att-1513 noopener\"><img loading=\"lazy\" decoding=\"async\" class=\"alignnone wp-image-1513\" src=\"https:\/\/pid.cz\/wp-content\/uploads\/2016\/01\/cykliste_vytah-ano-170x300.png\" alt=\"cykliste_vytah-ano\" width=\"125\" height=\"221\" srcset=\"https:\/\/pid.cz\/wp-content\/uploads\/2016\/01\/cykliste_vytah-ano-170x300.png 170w, https:\/\/pid.cz\/wp-content\/uploads\/2016\/01\/cykliste_vytah-ano.png 310w\" sizes=\"auto, (max-width: 125px) 100vw, 125px\" \/><\/a><\/td>\n<\/tr>\n<\/tbody>\n<\/table>\n<h3 style=\"text-align: justify;\"><strong>Tips for placing bikes:<\/strong><\/h3>\n<ul>\n<li>in all carriages of the train on the right-hand side of the designated platforms (take care in stations with side platforms &#8211; Hlavn\u00ed n\u00e1dra\u017e\u00ed, Prosek, Rajsk\u00e1 zahrada, St\u0159\u00ed\u017ekov, Vy\u0161ehrad)<\/li>\n<li>in the last carriage of the train, bikes can also be placed along the rear wall of the last platform, the further to the right of the carriage, the better<\/li>\n<li>on lines A and B, the two outermost carriages also have more space at the opposite end (where there is no driver&#8217;s cab)<\/li>\n<\/ul>\n<p>The inner (i.e. second and third) platforms of all carriages and the first platform of the whole train are not to be used to carry bikes. The reason for this is to allow other passengers to move around the carriages, or for the driver to enter the passenger compartment in an emergency.<\/p>\n<h2><strong>Railways<\/strong><\/h2>\n<p style=\"text-align: justify;\">All lines included in the PID are served by vehicles capable of carrying bikes. Large numbers of bikes can be carried in particular by services (lines) hauled by electric locomotives or with extra sets for carrying bikes.<\/p>\n<h3><strong>Prague (zones P, 0, B)<\/strong><\/h3>\n<p style=\"text-align: justify;\"><strong>For passengers with a valid PID travel document<\/strong> (or a document allowing free carriage according to the PID Tariff), the <strong>carriage of bikes<\/strong> as carry-on luggage is <strong>free of charge<\/strong> <strong>within the territory of Prague<\/strong> (zones P, 0 and B).<\/p>\n<h3><strong>The Region (zones 1-13)<\/strong><\/h3>\n<p><strong>For passengers with a valid PID travel document<\/strong> outside Prague (zones 1-13), the carriage of bikes is charged according to the PID Tariff, as follows:<\/p>\n<ul>\n<li><strong>CZK<\/strong> <strong>30 <\/strong>(valid for 120 min. from purchase)<\/li>\n<li><strong>CZK<\/strong><strong> 80 <\/strong>\u00a0(valid until 4:00 a.m. of the day after purchase)<\/li>\n<li>or according to the rail carrier\u2019s tariff<\/li>\n<\/ul>\n<p>PID tickets for the carriage of bikes can also be easily purchased via the PID L\u00edta\u010dka app.<\/p>\n<table class=\"smaller-padding aligncenter\" style=\"height: 168px;\" width=\"584\">\n<tbody>\n<tr>\n<td style=\"border-color: #ffffff;\"><a href=\"https:\/\/pid.cz\/wp-content\/uploads\/2016\/01\/cyklo_11.jpg\" target=\"_blank\" rel=\"noopener\"><img loading=\"lazy\" decoding=\"async\" class=\"alignnone wp-image-638\" src=\"https:\/\/pid.cz\/wp-content\/uploads\/2016\/01\/cyklo_11-225x300.jpg\" alt=\"cyklo_11\" width=\"105\" height=\"140\" srcset=\"https:\/\/pid.cz\/wp-content\/uploads\/2016\/01\/cyklo_11-225x300.jpg 225w, https:\/\/pid.cz\/wp-content\/uploads\/2016\/01\/cyklo_11.jpg 600w\" sizes=\"auto, (max-width: 105px) 100vw, 105px\" \/><\/a><\/td>\n<td style=\"border-color: #ffffff;\"><a href=\"https:\/\/pid.cz\/wp-content\/uploads\/2016\/01\/cyklo_03.jpg\" target=\"_blank\" rel=\"noopener\"><img loading=\"lazy\" decoding=\"async\" class=\"alignnone wp-image-637\" src=\"https:\/\/pid.cz\/wp-content\/uploads\/2016\/01\/cyklo_03-197x300.jpg\" alt=\"cyklo_03\" width=\"92\" height=\"140\" srcset=\"https:\/\/pid.cz\/wp-content\/uploads\/2016\/01\/cyklo_03-197x300.jpg 197w, https:\/\/pid.cz\/wp-content\/uploads\/2016\/01\/cyklo_03.jpg 262w\" sizes=\"auto, (max-width: 92px) 100vw, 92px\" \/><\/a><\/td>\n<\/tr>\n<\/tbody>\n<\/table>\n<h3 style=\"text-align: justify;\">Cyklohr\u00e1\u010dek<\/h3>\n<p style=\"text-align: justify;\">The Cyklohr\u00e1\u010dek runs <strong>from the end of March to the end of October on non-working days<\/strong> on the <strong>route<\/strong> <em>Prague Main Station<\/em> <em>\u2013 Prague\u2011Sm\u00edchov\u00a0North Platform \u2013 Hostivice \u2013 St\u0159edokluky \u2013 Podle\u0161\u00edn \u2013 Slan\u00fd \u2013 Zlonice<\/em>. This train offers extended bike carriage, a play area for children and game tables. It is preferred that cyclists used the special bike carriage on the train. <a href=\"\/zabava-a-zajimavosti\/cyklohracek\/\">More information <\/a>about running times and the timetable.<\/p>\n<h2>Trams<\/h2>\n<p style=\"text-align: justify;\">Bikes can only be carried on trams <strong>in selected sections running away from the centre<\/strong> (no time limit). Bikes can be carried on trams <strong>free of charge<\/strong>.<\/p>\n<table>\n<tbody>\n<tr>\n<td><a href=\"https:\/\/pid.cz\/wp-content\/uploads\/2016\/01\/cyklo_13.gif\"><img loading=\"lazy\" decoding=\"async\" class=\"size-full wp-image-640 aligncenter\" src=\"https:\/\/pid.cz\/wp-content\/uploads\/2016\/01\/cyklo_13.gif\" alt=\"cyklo_13\" width=\"133\" height=\"50\" \/><\/a><\/td>\n<td>This symbol indicates the stops where passengers <strong>can board the tram with a bike<\/strong> <em>(under the conditions specified in the Contractual Conditions of Carriage)<\/em>.<\/td>\n<\/tr>\n<\/tbody>\n<\/table>\n<h3 class=\"expandable\">List of sections where the carriage of bikes is permitted<\/h3><div class=\"expandable-content\"><\/p>\n<p><em>Permanent situation as of 27.5.2023.<\/em><\/p>\n<ul>\n<li>And\u011bl &gt; Kotl\u00e1\u0159ka &gt; Vozovna Motol &gt; S\u00eddli\u0161t\u011b \u0158epy<\/li>\n<li>Brusnice &gt; Malovanka (Kr\u00e1lovka) &gt; Vypich &gt; B\u00edl\u00e1 Hora<\/li>\n<li>Hrad\u010dansk\u00e1 &gt; V\u00edt\u011bzn\u00e9 n\u00e1m\u011bst\u00ed &gt; Dejvick\u00e1 &gt; \u010cerven\u00fd Vrch &gt; Divok\u00e1 \u0160\u00e1rka<\/li>\n<li>Hrad\u010dansk\u00e1 &gt; V\u00edt\u011bzn\u00e9 n\u00e1m\u011bst\u00ed &gt; N\u00e1dra\u017e\u00ed Podbaba<\/li>\n<li>Hrad\u010dansk\u00e1 &gt; Vozovna St\u0159e\u0161ovice &gt; Malovanka (Kr\u00e1lovka) &gt; Vypich &gt; B\u00edl\u00e1 Hora<\/li>\n<li>Hrad\u010dansk\u00e1 &gt; Vozovna St\u0159e\u0161ovice &gt; S\u00eddli\u0161t\u011b Pet\u0159iny<\/li>\n<li>N\u00e1dra\u017e\u00ed Hole\u0161ovice &gt; Trojsk\u00e1 &gt; Kobylisy &gt; S\u00eddli\u0161t\u011b \u010e\u00e1blice<\/li>\n<li>N\u00e1dra\u017e\u00ed Hole\u0161ovice &gt; Trojsk\u00e1 &gt; Kobylisy &gt; Vozovna Kobylisy<\/li>\n<li>N\u00e1dra\u017e\u00ed Bran\u00edk &gt; N\u00e1dra\u017e\u00ed Mod\u0159any &gt; S\u00eddli\u0161t\u011b Mod\u0159any &gt; Libu\u0161<\/li>\n<li>N\u00e1m\u011bst\u00ed Brat\u0159\u00ed Synk\u016f &gt; Pra\u017esk\u00e9ho povst\u00e1n\u00ed &gt; Pankr\u00e1c<\/li>\n<li>N\u00e1m\u011bst\u00ed Brat\u0159\u00ed Synk\u016f &gt; Pra\u017esk\u00e9ho povst\u00e1n\u00ed &gt; Vozovna Pankr\u00e1c<\/li>\n<li>N\u00e1m\u011bst\u00ed Brat\u0159\u00ed Synk\u016f &gt; Spo\u0159ilov<\/li>\n<li>Palmovka &gt; Bulovka &gt; Kobylisy &gt; S\u00eddli\u0161t\u011b \u010e\u00e1blice<\/li>\n<li>Palmovka &gt; Bulovka &gt; Kobylisy &gt; Vozovna Kobylisy<\/li>\n<li>Palmovka &gt; N\u00e1dra\u017e\u00ed Libe\u0148 &gt; Star\u00fd Hloub\u011bt\u00edn &gt; Lehovec<\/li>\n<li>Palmovka &gt; N\u00e1dra\u017e\u00ed Vyso\u010dany &gt; Star\u00fd Hloub\u011bt\u00edn &gt; Lehovec<\/li>\n<li>Palmovka &gt; Ohrada &gt; Spojovac\u00ed (direct conecction via Krejc\u00e1rek stop only)<\/li>\n<li>Sm\u00edchovsk\u00e9 n\u00e1dra\u017e\u00ed &gt; Hlubo\u010depy &gt; S\u00eddli\u0161t\u011b Barrandov &gt; Holyn\u011b<\/li>\n<li>\u017delivsk\u00e9ho &gt; Vinice &gt; Nov\u00e9 Stra\u0161nice &gt; Depo Hostiva\u0159 &gt; \u00dast\u0159edn\u00ed d\u00edlny DP<\/li>\n<li>\u017delivsk\u00e9ho &gt; Stra\u0161nick\u00e1 &gt; Star\u00e9 Stra\u0161nice &gt; Zahradn\u00ed M\u011bsto &gt; N\u00e1dra\u017e\u00ed Hostiva\u0159<\/li>\n<\/ul>\n<p><a href=\"https:\/\/pid.cz\/wp-content\/uploads\/mapy\/ostatni\/a5_cyklo_doprava.pdf\">Map of sections where the carriage of bikes is permitted<\/a><\/p>\n<p><strong>The carriage of bikes is not permitted<\/strong> on the substitute bus service (NAD) in place for trams in the specified sections<br \/>\n<\/div>\n<p style=\"text-align: justify;\">Bikes may only be carried <strong>in spaces designated for the carriage of strollers<\/strong> (usually at the end of the carriage on shorter trams, or on one or more interior platforms on articulated trams). <strong>A maximum of 2 bikes <\/strong>may be carried on each such platform. Before boarding and leaving the tram, the passenger with the bike shall signal to the driver, who may, however, not permit boarding in justified cases.<\/p>\n<table class=\"smaller-padding aligncenter\" style=\"height: 167px;\" width=\"565\">\n<tbody>\n<tr>\n<td style=\"border-color: #ffffff;\"><a href=\"https:\/\/pid.cz\/wp-content\/uploads\/2016\/01\/cyklo_04.jpg\" target=\"_blank\" rel=\"noopener\"><img loading=\"lazy\" decoding=\"async\" class=\"alignnone wp-image-641\" src=\"https:\/\/pid.cz\/wp-content\/uploads\/2016\/01\/cyklo_04-300x245.jpg\" alt=\"cyklo_04\" width=\"172\" height=\"140\" srcset=\"https:\/\/pid.cz\/wp-content\/uploads\/2016\/01\/cyklo_04-300x245.jpg 300w, https:\/\/pid.cz\/wp-content\/uploads\/2016\/01\/cyklo_04.jpg 500w\" sizes=\"auto, (max-width: 172px) 100vw, 172px\" \/><\/a><\/td>\n<td style=\"border-color: #ffffff;\"><a href=\"https:\/\/pid.cz\/wp-content\/uploads\/2016\/01\/cyklo_08.jpg\" target=\"_blank\" rel=\"noopener\"><img loading=\"lazy\" decoding=\"async\" class=\"alignnone wp-image-643\" src=\"https:\/\/pid.cz\/wp-content\/uploads\/2016\/01\/cyklo_08-300x220.jpg\" alt=\"cyklo_08\" width=\"191\" height=\"140\" srcset=\"https:\/\/pid.cz\/wp-content\/uploads\/2016\/01\/cyklo_08-300x220.jpg 300w, https:\/\/pid.cz\/wp-content\/uploads\/2016\/01\/cyklo_08.jpg 500w\" sizes=\"auto, (max-width: 191px) 100vw, 191px\" \/><\/a><\/td>\n<td style=\"border-color: #ffffff;\"><a href=\"https:\/\/pid.cz\/wp-content\/uploads\/2016\/01\/cyklo_05.jpg\" target=\"_blank\" rel=\"noopener\"><img loading=\"lazy\" decoding=\"async\" class=\"alignnone wp-image-642\" src=\"https:\/\/pid.cz\/wp-content\/uploads\/2016\/01\/cyklo_05-262x300.jpg\" alt=\"cyklo_05\" width=\"122\" height=\"140\" srcset=\"https:\/\/pid.cz\/wp-content\/uploads\/2016\/01\/cyklo_05-262x300.jpg 262w, https:\/\/pid.cz\/wp-content\/uploads\/2016\/01\/cyklo_05.jpg 349w\" sizes=\"auto, (max-width: 122px) 100vw, 122px\" \/><\/a><\/td>\n<\/tr>\n<\/tbody>\n<\/table>\n<h2>Autobusy<\/h2>\n<p>Bikes <strong>cannot<\/strong> be carried on buses (even on substitute services), with the following exceptions.<\/p>\n<h3><strong>Bus no. 147 (seasonal service)<\/strong><\/h3>\n<p><strong>From the end of March to the end of October<\/strong>, bus no. <strong>147<\/strong> on the <em>Dejvick\u00e1 &#8211; V\u00fdhledy<\/em> route <strong>allows passengers to carry bikes in special holders at the back of the bus<\/strong> on selected routes, <strong>free of charge<\/strong>. Bikes can only be carried on services marked with a bike pictogram in the timetable and only between designated stops.<\/p>\n<p style=\"text-align: justify;\">Bikes can only be carried on buses running away from the centre. Cyclists can load their bikes at the <strong>Dejvick\u00e1<\/strong> (transfer from the metro) and <strong>V Podbab\u011b<\/strong> (transfer from the ferry) stops and then unload them at the <strong>Suchdolsk\u00e9 n\u00e1m\u011bst\u00ed<\/strong> and <strong>V\u00fdhledy<\/strong> stops. Services for cyclists (every second service on working days, every service connection on non-working days) are marked in the timetable with a bike pictogram, from approx. 5:00 a.m. to 8:30 p.m. Before boarding, the passenger with the bike raises a hand to signal to the driver, loads the bike (under the driver&#8217;s supervision) and tells the driver the stop they want to get off at. The driver then locks the bike and hands the passenger a tag with the holder number. On alighting, the passenger presents the tag with the holder number, the driver unlocks the bike and the passenger unloads it.<\/p>\n<h3><strong>Cycle Bus &#8211; Brdy region<\/strong><\/h3>\n<p>The special <strong>Cycle Bus 1<\/strong> service runs <strong>from the end of March to the end of October on non-working days<\/strong> on the route <em>Dob\u0159ichovice, railway station &#8211; \u010cernolice &#8211; \u0158itka &#8211; Mn\u00ed\u0161ek pod Brdy, square &#8211; Mn\u00ed\u0161ek pod Brdy, Kaple &#8211; Kyt\u00edn, N\u00e1ves<\/em><em>.<\/em> Bikes can only be loaded or unloaded at stops marked with a bike symbol in the timetable. The <strong>timetable <\/strong>can be found on the <a href=\"\/jizdni-rady-podle-linek\/autobusy-primestske\/?tab=8\">timetable portal<\/a>.<\/p>\n<p>The bus services connect in Dob\u0159ichovice to line <strong>S7<\/strong> trains <em>(Prague \u2013 \u0158evnice \u2013 Beroun)<\/em> in both directions.<\/p>\n<p>The <em>Dob\u0159ichovice, n\u00e1dra\u017e\u00ed<\/em> Cycle Bus stop is located <a href=\"https:\/\/mapy.cz\/s\/1uL3o\">in the car park next to the railway station building<\/a> (the Cycle Bus does not stop at the number 448 stop in front of the station).<\/p>\n<p>The service is run by a minibus with a trailer that can carry 20 bikes. Passengers load and unload their bikes; the driver provides advice and assistance as needed.<\/p>\n<p>The fee for carrying bikes on the Cycle Bus is <strong>CZK<\/strong><strong> 20<\/strong>; on trains, bikes needed to be checked in according to the PID Tariff PID or the rail carrier\u2019s tariff (see above).<\/p>\n<p>The Cycle Bus improves public transport access to higher areas of the Brdy popular with cyclists for residents of Prague and the Berounka Valley. The service is run by a minibus with a trailer that can carry 20 bikes.<\/p>\n<h3><strong>Cycle Bus &#8211; <\/strong>\u010cesk\u00fd r\u00e1j region<\/h3>\n<p>The special <strong>Cycle Bus 2<\/strong> service runs in the Bohemian Paradise microregion along the route <em>Mlad\u00e1 Boleslav \u2013 Mnichovo Hradi\u0161t\u011b \u2013 Kn\u011b\u017emost \u2013 Kost Castle \u2013 Sobotka.<\/em> It runs <strong>on<\/strong> <strong>non-working days from the end of May to the end of September.<\/strong>\u00a0The <strong>timetable <\/strong>can be found on the <a href=\"\/jizdni-rady-podle-linek\/autobusy-primestske\/?tab=8\">timetable portal<\/a>.<\/p>\n<p>It has a guaranteed capacity of four bikes. Passengers load and unload their bikes; the driver provides advice and assistance as needed.<\/p>\n<p>The fee for carrying bikes on the Cycle Bus is <strong>CZK<\/strong><strong> 20<\/strong>.<\/p>\n<p>The Cycle Bus runs twice a day from Mnichovo Hradi\u0161t\u011b via Vale\u010dov, Kn\u011b\u017emost and Kost Castle to Sobotka and three times a day between Mnichovo Hradi\u0161t\u011b and Kn\u011b\u017emost.<\/p>\n<h3><strong>Cycle Buses &#8211; Koko\u0159\u00edn region<\/strong><\/h3>\n<p>Buses no. <strong>693, 695 and 697<\/strong> also carry bikes <strong>on non-working days during the summer holidays<\/strong>. <strong>Timetables<\/strong> can be found on the <a href=\"\/jizdni-rady-podle-linek\/autobusy-primestske\/?tab=4\">timetable portal<\/a>.<\/p>\n<p>Bus no. <strong>697<\/strong> connects to other services in M\u0161eno, particularly to the Koko\u0159\u00edn fast train, or no. <strong>S33<\/strong> trains (<em>M\u011bln\u00edk \u2013 M\u0161eno \u2013 Mlad\u00e1 Boleslav<\/em>).<\/p>\n<p>The services are run by a minibus with a trailer that can carry 20 bikes. Passengers load and unload their bikes; the driver provides advice and assistance as needed.<\/p>\n<p>The fee for carrying bikes on the Cycle Bus is <strong>CZK<\/strong><strong> 20<\/strong>; on trains, bikes needed to be checked in according to the PID Tariff PID or the rail carrier\u2019s tariff (see above).<\/p>\n<p>Cycle Buses improve access to parts of the Koko\u0159\u00edn and M\u00e1cha regions popular with cyclists also for visitors from further afield.<\/p>\n<h2><strong>Ferries<\/strong><\/h2>\n<p>Bikes are carried <strong>free of charge.<\/strong><\/p>\n<p style=\"text-align: justify;\">Carriage may only be limited by increased traffic demand. When carrying bikes, please follow the instructions of the ferry staff. Detailed information about <a href=\"https:\/\/pid.cz\/privozy\/\">ferries<\/a>.<\/p>\n<h2><strong>Cable car to Pet\u0159\u00edn<\/strong><\/h2>\n<p>Bikes are carried <strong>free of charge.<\/strong><\/p>\n<p style=\"text-align: justify;\">Bikes are always carried in the second section of the car (marked with a pictogram). A maximum of 2 bikes can be carried in the car. The cable car guide may prohibit the carriage of a bike.<\/p>\n<h2><strong>Carrying a bike as luggage<\/strong><\/h2>\n<p style=\"text-align: justify;\"><strong>The following can also be carred as luggage<\/strong>:<\/p>\n<ul style=\"text-align: justify;\">\n<li>a folded folding bike<\/li>\n<li>a children&#8217;s balance bike<\/li>\n<li>a children&#8217;s bike for a child up to 6 years of age<\/li>\n<\/ul>\n<p>The bike <strong>must be<\/strong> no larger than the permitted size (50\u00d760\u00d780 cm), or one of these dimensions may be exceeded for the above categories. Carriage may not be permitted if the car is overly full.<br \/>\n<strong>A fee of CZK 20 is charged for the carriage of larger luggage <\/strong>(e.g. exceeding 25\u00d745\u00d770 cm), but holders of a prepaid ticket may carry one such piece of luggage free of charge. This extends the conditions for the carriage of these categories of bikes, especially on trams and buses.<\/p>\n<p>On most rail services, the Czech Railways Contractual Conditions of Carriage apply &#8211; the limit for &#8220;hand luggage&#8221; is 40\u00d760\u00d790 cm.<\/p>\n<p style=\"text-align: justify;\">The exact wording of the conditions for the carriage of luggage can be found in the <a href=\"https:\/\/pid.cz\/smluvni-prepravni-podminky\/\">Contractual Conditions of Carriage.<\/a><\/p>\n<p><a href=\"https:\/\/pid.cz\/wp-content\/uploads\/2016\/01\/cyklo_14.jpg\"><br \/>\n<\/a><a href=\"https:\/\/pid.cz\/wp-content\/uploads\/2016\/01\/cyklo_14.jpg\" target=\"_blank\" rel=\"noopener\"><img loading=\"lazy\" decoding=\"async\" class=\"aligncenter wp-image-647\" src=\"https:\/\/pid.cz\/wp-content\/uploads\/2016\/01\/cyklo_14-300x113.jpg\" alt=\"cyklo_14\" width=\"373\" height=\"140\" srcset=\"https:\/\/pid.cz\/wp-content\/uploads\/2016\/01\/cyklo_14-300x113.jpg 300w, https:\/\/pid.cz\/wp-content\/uploads\/2016\/01\/cyklo_14-1024x384.jpg 1024w, https:\/\/pid.cz\/wp-content\/uploads\/2016\/01\/cyklo_14-768x288.jpg 768w, https:\/\/pid.cz\/wp-content\/uploads\/2016\/01\/cyklo_14-1536x576.jpg 1536w, https:\/\/pid.cz\/wp-content\/uploads\/2016\/01\/cyklo_14-790x296.jpg 790w, https:\/\/pid.cz\/wp-content\/uploads\/2016\/01\/cyklo_14-700x263.jpg 700w, https:\/\/pid.cz\/wp-content\/uploads\/2016\/01\/cyklo_14.jpg 1600w\" sizes=\"auto, (max-width: 373px) 100vw, 373px\" \/><\/a><\/p>\n<h2><strong>Shared bikes<\/strong><\/h2>\n<p>Every owner of an electronic pre-paid ticket for Prague gets the first 15 minutes on a shared Rekola or Nextbike bicycle free of charge twice a day to offer a convenient combination of Prague public transport and cycling. More information <a href=\"\/informace-k-cestovani\/sdilena-kola\/\"><strong><em>here<\/em><\/strong><\/a>.<\/p>\n<h2><strong>Other information for cyclists<\/strong><\/h2>\n<ul>\n<li><a href=\"http:\/\/cyklo.praha.eu\">Prague by Bike<\/a> (official City of Prague website)<\/li>\n<\/ul>\n","protected":false},"excerpt":{"rendered":"<p>Prague Integrated Transport also thinks about cyclists, and so allows bikes to be carried in PID vehicles. In Prague, bikes can be carried on the metro, on trains, on selected sections of tram lines, on cable cars and on ferries.\u00a0On bus routes, bikes can only be carried on bus no. 147 (they are placed on [&hellip;]<\/p>\n","protected":false},"author":47,"featured_media":0,"parent":0,"menu_order":7,"comment_status":"closed","ping_status":"closed","template":"","meta":{"_acf_changed":false,"footnotes":""},"class_list":["post-177678","page","type-page","status-publish","hentry"],"acf":[],"_links":{"self":[{"href":"https:\/\/pid.cz\/en\/wp-json\/wp\/v2\/pages\/177678","targetHints":{"allow":["GET"]}}],"collection":[{"href":"https:\/\/pid.cz\/en\/wp-json\/wp\/v2\/pages"}],"about":[{"href":"https:\/\/pid.cz\/en\/wp-json\/wp\/v2\/types\/page"}],"author":[{"embeddable":true,"href":"https:\/\/pid.cz\/en\/wp-json\/wp\/v2\/users\/47"}],"replies":[{"embeddable":true,"href":"https:\/\/pid.cz\/en\/wp-json\/wp\/v2\/comments?post=177678"}],"version-history":[{"count":1,"href":"https:\/\/pid.cz\/en\/wp-json\/wp\/v2\/pages\/177678\/revisions"}],"predecessor-version":[{"id":177998,"href":"https:\/\/pid.cz\/en\/wp-json\/wp\/v2\/pages\/177678\/revisions\/177998"}],"wp:attachment":[{"href":"https:\/\/pid.cz\/en\/wp-json\/wp\/v2\/media?parent=177678"}],"curies":[{"name":"wp","href":"https:\/\/api.w.org\/{rel}","templated":true}]}}