{"id":177681,"date":"2024-11-21T15:19:16","date_gmt":"2024-11-21T14:19:16","guid":{"rendered":"https:\/\/pid.cz\/travel-information\/shared-bikes\/"},"modified":"2024-11-27T11:56:00","modified_gmt":"2024-11-27T10:56:00","slug":"shared-bikes","status":"publish","type":"page","link":"https:\/\/pid.cz\/en\/cyclists-in-the-prague-integrated-transport-system-pid\/shared-bikes\/","title":{"rendered":"Shared bikes"},"content":{"rendered":"<h1><strong>Bike share with a L\u00edta\u010dka card free of charge TWICE a day for 15 minutes<\/strong><\/h1>\n<p style=\"text-align: justify;\"><a href=\"https:\/\/pid.cz\/wp-content\/uploads\/2021\/10\/PID_Sdilena-kola.png\"><img loading=\"lazy\" decoding=\"async\" class=\"size-medium wp-image-28781 alignleft\" src=\"https:\/\/pid.cz\/wp-content\/uploads\/2021\/10\/PID_Sdilena-kola-300x98.png\" alt=\"\" width=\"300\" height=\"98\" srcset=\"https:\/\/pid.cz\/wp-content\/uploads\/2021\/10\/PID_Sdilena-kola-300x98.png 300w, https:\/\/pid.cz\/wp-content\/uploads\/2021\/10\/PID_Sdilena-kola-1024x336.png 1024w, https:\/\/pid.cz\/wp-content\/uploads\/2021\/10\/PID_Sdilena-kola-768x252.png 768w, https:\/\/pid.cz\/wp-content\/uploads\/2021\/10\/PID_Sdilena-kola-1536x503.png 1536w, https:\/\/pid.cz\/wp-content\/uploads\/2021\/10\/PID_Sdilena-kola-2048x671.png 2048w, https:\/\/pid.cz\/wp-content\/uploads\/2021\/10\/PID_Sdilena-kola-790x259.png 790w, https:\/\/pid.cz\/wp-content\/uploads\/2021\/10\/PID_Sdilena-kola-1920x629.png 1920w, https:\/\/pid.cz\/wp-content\/uploads\/2021\/10\/PID_Sdilena-kola-700x229.png 700w\" sizes=\"auto, (max-width: 300px) 100vw, 300px\" \/><\/a><strong>Every owner of an electronic pre-paid ticket for Prague gets the first 15 minutes on a shared Rekola or Nextbike bicycle free of charge twice a day to offer a convenient combination of Prague public transport and cycling.<\/strong><\/p>\n<p style=\"text-align: justify;\">Along the lines of other forward-thinking cities and in response to feedback received from users over the years, Prague is trying to offer the most appealing combination of various ways of getting around the city in order to motivate people to use public transport and other sustainable mobility options. The aim is to offer a comprehensive service to get from door to door as comfortably and quickly as possible. By using state-of-the-art technologies and user-friendly mobile apps, in addition to metro, trams, buses, trolleybuses, trains, ferries and cable cars, Prague Integrated Transport will also be able to include shared bikes.<\/p>\n<h2><strong>How does it work?<\/strong><\/h2>\n<p>After hopping on a bike, it can be ridden for the first 15 minutes free of charge by any owner of an electronic pre-paid ticket valid for Prague (uploaded onto the L\u00edta\u010dka card, in the PID L\u00edta\u010dka mobile app or on a payment card or on the Czech Railways In Karta) who links their active L\u00edta\u010dka account with the apps of the shared bike operators <strong>Rekola<\/strong> or <strong>Nextbike<\/strong>, up to twice a day.<\/p>\n<p style=\"text-align: justify;\">In order to hire a bike, you need to have downloaded the mobile app of the bike-sharing provider, and then link the bike-sharing account with your user account in the PID L\u00edta\u010dka system to hire the bike for the first time (to log in, just enter your email and password; if a PID electronic coupon user cannot remember their password or is not yet registered, it can easily be set at <a href=\"http:\/\/www.litacka.cz\">www.litacka.cz<\/a>). Once the L\u00edta\u010dka and bike-sharing account have been linked, the process is very easy every time you next want to grab a bike; the system remembers the link to L\u00edta\u010dka and that you are entitled to a free 15-minute ride twice a day with any provider.<\/p>\n<h2 class=\"expandable\">FAQ<\/h2><div class=\"expandable-content\"><\/p>\n<h3 style=\"text-align: justify;\"><strong>Terminology<\/strong><\/h3>\n<p style=\"text-align: justify;\"><b>L\u00edta\u010dka =<\/b>the name used for the service as a whole<\/p>\n<ul style=\"text-align: justify;\">\n<li aria-level=\"1\">I have a L\u00edta\u010dka = I have an active coupon<\/li>\n<li aria-level=\"1\">L\u00edta\u010dka = the service, but also the physical card, mobile app or active coupon<\/li>\n<\/ul>\n<p style=\"text-align: justify;\"><b><strong>Account<\/strong> =<\/b> the place where you manage everything and buy coupons<\/p>\n<ul style=\"text-align: justify;\">\n<li>on the website <a href=\"http:\/\/pidlitacka.cz\">pidlitacka.cz<\/a><\/li>\n<li>in the L\u00edta\u010dka mobile app<\/li>\n<li>account type:\n<ul>\n<li>email + password<\/li>\n<li>generated by the app<\/li>\n<\/ul>\n<\/li>\n<\/ul>\n<p style=\"text-align: justify;\"><b><strong>Coupon<\/strong> =<\/b> paid &#8220;permission&#8221; to use public transport for a specified period of time<\/p>\n<ul style=\"text-align: justify;\">\n<li>electronic (can be for any type of account)<\/li>\n<li>paper (I have no account at all)<\/li>\n<li>if I have a coupon, it\u2019s always active; if it expires, I don&#8217;t have a coupon<\/li>\n<\/ul>\n<p style=\"text-align: justify;\"><strong>Identifier<\/strong> = the coupon &#8220;carrier&#8221;, physical (card) or digital (app)<\/p>\n<h3 style=\"text-align: justify;\"><strong>Who is eligible for L\u00edta\u010dka rides?<\/strong><\/h3>\n<p style=\"text-align: justify;\">Anyone with a valid electronic coupon for Prague &#8211; whether on the L\u00edta\u010dka, on their mobile phone or on another identifier. You also need to have, or set up, and account at <a href=\"https:\/\/pidlitacka.cz\/home\">pidlitacka.cz<\/a> \u2013 this is also created when buying a coupon in the L\u00edta\u010dka e-shop, for example; it takes just a few minutes to set up.<\/p>\n<h3 style=\"text-align: justify;\"><strong>I have a L\u00edta\u010dka, but don\u2019t have an account, so what now?<\/strong><\/h3>\n<p style=\"text-align: justify;\">You can set up an account on the website at <a href=\"https:\/\/pidlitacka.cz\/home\">pidlitacka.cz<\/a>. There, just fill in the email address and password you want to use to log in to your account at <a href=\"http:\/\/pidlitacka.cz\">pidlitacka.cz<\/a>; they don\u2019t have to be the same as your login details for the bike-sharing app. You can then add your L\u00edta\u010dka to your account according to its number in the &#8220;My identifiers&#8221; section in the settings. You can then go to the bike-sharing app, click on the &#8220;Add L\u00edta\u010dka&#8221; option and use your email address and password to log in.<\/p>\n<h3 style=\"text-align: justify;\"><strong>I\u2019ve forgotten my login details for pidlitacka.cz, so what now?<\/strong><\/h3>\n<p style=\"text-align: justify;\">In the &#8220;Login&#8221; menu on the <a href=\"https:\/\/pidlitacka.cz\/home\">pidlitacka.cz<\/a> website you can click the option \u201cI forgot my password\u201d and \u201cResend activation email\u201d.<\/p>\n<h3 style=\"text-align: justify;\"><strong>I have a coupon in the PID L\u00edtacka mobile app, but I don&#8217;t know my login email address?<\/strong><\/h3>\n<p style=\"text-align: justify;\">If you don&#8217;t remember the email you use to log in to the PID L\u00edta\u010dka app, just open the More tab, then open My Account, then Profile. You\u2019ll find you login email there.<\/p>\n<h3 style=\"text-align: justify;\"><strong>Can I hire a bike with a paper (or anonymous) coupon?<\/strong><\/h3>\n<p style=\"text-align: justify;\">Unfortunately not, as under the autumn pilot programme, bikes can only be hired with a valid electronic coupon uploaded to L\u00edta\u010dka, or via another identifier.<\/p>\n<h3 style=\"text-align: justify;\"><strong>I\u2019m 65+ and I ride free of charge without a coupon. Can I also use shared bikes on my L\u00edta\u010dka?<\/strong><\/h3>\n<p style=\"text-align: justify;\">Unfortunately, under the pilot programme, shared bikes on L\u00edta\u010dka are only available to L\u00edta\u010dka owners with a valid coupon.<\/p>\n<h3 style=\"text-align: justify;\"><strong>How do I add my L\u00edta\u010dka to the bike-sharing app?<\/strong><\/h3>\n<p style=\"text-align: justify;\">When you open the app, you\u2019ll see the option to &#8220;Add L\u00edta\u010dka&#8221;; then log in through your L\u00edta\u010dka PID account.<\/p>\n<h3 style=\"text-align: justify;\"><b><strong>What happens after the coupon expires on my L\u00edta\u010dka?<\/strong> <\/b><\/h3>\n<p style=\"text-align: justify;\">The app will know that the coupon has expired and won\u2019t not allow you to hire any more shared bikes.<\/p>\n<h3 style=\"text-align: justify;\"><b><strong>How many minutes is the L\u00edta\u010dka valid for?<\/strong> <\/b><\/h3>\n<p style=\"text-align: justify;\">The L\u00edta\u010dka is valid for the first 15 minutes of your ride. If you decide to extend your ride, the fee is charged according to the bike-sharing provider\u2019s standard tariff.<\/p>\n<h3 style=\"text-align: justify;\"><strong>How many times a day can I use the L\u00edta\u010dka?<\/strong><\/h3>\n<p style=\"text-align: justify;\">Each subscriber of a L\u00edta\u010dka coupon is entitled to 2 rides of up to 15 minutes per day.<\/p>\n<h3 style=\"text-align: justify;\"><strong>Can I have my L\u00edta\u010dka registered with more than one bike-sharing provider?<\/strong><\/h3>\n<p style=\"text-align: justify;\">Yes, the L\u00edta\u010dka can be registered with more than one provider.<\/p>\n<h3 style=\"text-align: justify;\"><strong>Can I take my shared bike anywhere?<\/strong><\/h3>\n<p style=\"text-align: justify;\">Yes, the only condition being that your ride must start and end in the City of Prague.<\/p>\n<h3 style=\"text-align: justify;\"><b><strong>What if I have a MultiSport card registered with a provider?\u00a0<\/strong> <\/b><\/h3>\n<p style=\"text-align: justify;\">The providers&#8217; website will explain how that works.<\/p>\n<h3 style=\"text-align: justify;\"><strong>Can I use my L\u00edta\u010dka to borrow one bike from one provider and another from a different provider on one L\u00edta\u010dka at the same time?<\/strong><\/h3>\n<p style=\"text-align: justify;\">You can only use the L\u00edta\u010dka to borrow one bike from any provider at a time, so you can\u2019t borrow more than one bike from different providers at the same time.<\/p>\n<p><\/div>\n<h3 class=\"expandable\">Instructions for Rekola<\/h3><div class=\"expandable-content\"><br \/>\n<a href=\"https:\/\/pid.cz\/wp-content\/uploads\/2021\/10\/rekola_01.png\"><img loading=\"lazy\" decoding=\"async\" class=\"aligncenter wp-image-28813 size-medium\" src=\"https:\/\/pid.cz\/wp-content\/uploads\/2021\/10\/rekola_01-139x300.png\" alt=\"\" width=\"139\" height=\"300\" srcset=\"https:\/\/pid.cz\/wp-content\/uploads\/2021\/10\/rekola_01-139x300.png 139w, https:\/\/pid.cz\/wp-content\/uploads\/2021\/10\/rekola_01-473x1024.png 473w, https:\/\/pid.cz\/wp-content\/uploads\/2021\/10\/rekola_01-768x1662.png 768w, https:\/\/pid.cz\/wp-content\/uploads\/2021\/10\/rekola_01-710x1536.png 710w, https:\/\/pid.cz\/wp-content\/uploads\/2021\/10\/rekola_01-790x1710.png 790w, https:\/\/pid.cz\/wp-content\/uploads\/2021\/10\/rekola_01-700x1515.png 700w, https:\/\/pid.cz\/wp-content\/uploads\/2021\/10\/rekola_01.png 828w\" sizes=\"auto, (max-width: 139px) 100vw, 139px\" \/><\/a><\/p>\n<p style=\"text-align: center;\">1. Select the L\u00edta\u010dka Rides option in the menu.<\/p>\n<p><a href=\"https:\/\/pid.cz\/wp-content\/uploads\/2021\/10\/rekola_02.png\"><img loading=\"lazy\" decoding=\"async\" class=\"aligncenter wp-image-28814 size-medium\" src=\"https:\/\/pid.cz\/wp-content\/uploads\/2021\/10\/rekola_02-139x300.png\" alt=\"\" width=\"139\" height=\"300\" srcset=\"https:\/\/pid.cz\/wp-content\/uploads\/2021\/10\/rekola_02-139x300.png 139w, https:\/\/pid.cz\/wp-content\/uploads\/2021\/10\/rekola_02-473x1024.png 473w, https:\/\/pid.cz\/wp-content\/uploads\/2021\/10\/rekola_02-768x1662.png 768w, https:\/\/pid.cz\/wp-content\/uploads\/2021\/10\/rekola_02-710x1536.png 710w, https:\/\/pid.cz\/wp-content\/uploads\/2021\/10\/rekola_02-790x1710.png 790w, https:\/\/pid.cz\/wp-content\/uploads\/2021\/10\/rekola_02-700x1515.png 700w, https:\/\/pid.cz\/wp-content\/uploads\/2021\/10\/rekola_02.png 828w\" sizes=\"auto, (max-width: 139px) 100vw, 139px\" \/><\/a><\/p>\n<p style=\"text-align: center;\">2. Preparing to connect to the PID L\u00edta\u010dka.<\/p>\n<p><a href=\"https:\/\/pid.cz\/wp-content\/uploads\/2021\/10\/rekola_03.png\"><img loading=\"lazy\" decoding=\"async\" class=\"aligncenter wp-image-28815 size-medium\" src=\"https:\/\/pid.cz\/wp-content\/uploads\/2021\/10\/rekola_03-139x300.png\" alt=\"\" width=\"139\" height=\"300\" srcset=\"https:\/\/pid.cz\/wp-content\/uploads\/2021\/10\/rekola_03-139x300.png 139w, https:\/\/pid.cz\/wp-content\/uploads\/2021\/10\/rekola_03-473x1024.png 473w, https:\/\/pid.cz\/wp-content\/uploads\/2021\/10\/rekola_03-768x1662.png 768w, https:\/\/pid.cz\/wp-content\/uploads\/2021\/10\/rekola_03-710x1536.png 710w, https:\/\/pid.cz\/wp-content\/uploads\/2021\/10\/rekola_03-790x1710.png 790w, https:\/\/pid.cz\/wp-content\/uploads\/2021\/10\/rekola_03-700x1515.png 700w, https:\/\/pid.cz\/wp-content\/uploads\/2021\/10\/rekola_03.png 828w\" sizes=\"auto, (max-width: 139px) 100vw, 139px\" \/><\/a><\/p>\n<p style=\"text-align: center;\">3. Log in to your PID L\u00edta\u010dka account.<\/p>\n<p><a href=\"https:\/\/pid.cz\/wp-content\/uploads\/2021\/10\/rekola_04.png\"><img loading=\"lazy\" decoding=\"async\" class=\"aligncenter wp-image-28816 size-medium\" src=\"https:\/\/pid.cz\/wp-content\/uploads\/2021\/10\/rekola_04-139x300.png\" alt=\"\" width=\"139\" height=\"300\" srcset=\"https:\/\/pid.cz\/wp-content\/uploads\/2021\/10\/rekola_04-139x300.png 139w, https:\/\/pid.cz\/wp-content\/uploads\/2021\/10\/rekola_04-473x1024.png 473w, https:\/\/pid.cz\/wp-content\/uploads\/2021\/10\/rekola_04-768x1662.png 768w, https:\/\/pid.cz\/wp-content\/uploads\/2021\/10\/rekola_04-710x1536.png 710w, https:\/\/pid.cz\/wp-content\/uploads\/2021\/10\/rekola_04-790x1710.png 790w, https:\/\/pid.cz\/wp-content\/uploads\/2021\/10\/rekola_04-700x1515.png 700w, https:\/\/pid.cz\/wp-content\/uploads\/2021\/10\/rekola_04.png 828w\" sizes=\"auto, (max-width: 139px) 100vw, 139px\" \/><\/a><\/p>\n<p style=\"text-align: center;\">4. Verification successful.<\/p>\n<p><\/div>\n<h3 class=\"expandable\">Instructions for Nextbike<\/h3><div class=\"expandable-content\"><br \/>\n<a href=\"https:\/\/pid.cz\/wp-content\/uploads\/2021\/10\/nextbike_01.png\"><img loading=\"lazy\" decoding=\"async\" class=\"aligncenter wp-image-28796 size-medium\" src=\"https:\/\/pid.cz\/wp-content\/uploads\/2021\/10\/nextbike_01-169x300.png\" alt=\"\" width=\"169\" height=\"300\" srcset=\"https:\/\/pid.cz\/wp-content\/uploads\/2021\/10\/nextbike_01-169x300.png 169w, https:\/\/pid.cz\/wp-content\/uploads\/2021\/10\/nextbike_01-576x1024.png 576w, https:\/\/pid.cz\/wp-content\/uploads\/2021\/10\/nextbike_01-700x1245.png 700w, https:\/\/pid.cz\/wp-content\/uploads\/2021\/10\/nextbike_01.png 750w\" sizes=\"auto, (max-width: 169px) 100vw, 169px\" \/><\/a><\/p>\n<p style=\"text-align: center;\">1. Main screen: Select the menu at the top left.<\/p>\n<p><a href=\"https:\/\/pid.cz\/wp-content\/uploads\/2021\/10\/nextbike_02.jpg\"><img loading=\"lazy\" decoding=\"async\" class=\"aligncenter wp-image-28797 size-medium\" src=\"https:\/\/pid.cz\/wp-content\/uploads\/2021\/10\/nextbike_02-169x300.jpg\" alt=\"\" width=\"169\" height=\"300\" srcset=\"https:\/\/pid.cz\/wp-content\/uploads\/2021\/10\/nextbike_02-169x300.jpg 169w, https:\/\/pid.cz\/wp-content\/uploads\/2021\/10\/nextbike_02-576x1024.jpg 576w, https:\/\/pid.cz\/wp-content\/uploads\/2021\/10\/nextbike_02-700x1245.jpg 700w, https:\/\/pid.cz\/wp-content\/uploads\/2021\/10\/nextbike_02.jpg 750w\" sizes=\"auto, (max-width: 169px) 100vw, 169px\" \/><\/a><\/p>\n<p style=\"text-align: center;\">2. Select Wallet.<\/p>\n<p><a href=\"https:\/\/pid.cz\/wp-content\/uploads\/2021\/10\/nextbike_03.png\"><img loading=\"lazy\" decoding=\"async\" class=\"aligncenter wp-image-28798 size-medium\" src=\"https:\/\/pid.cz\/wp-content\/uploads\/2021\/10\/nextbike_03-169x300.png\" alt=\"\" width=\"169\" height=\"300\" srcset=\"https:\/\/pid.cz\/wp-content\/uploads\/2021\/10\/nextbike_03-169x300.png 169w, https:\/\/pid.cz\/wp-content\/uploads\/2021\/10\/nextbike_03-576x1024.png 576w, https:\/\/pid.cz\/wp-content\/uploads\/2021\/10\/nextbike_03-700x1245.png 700w, https:\/\/pid.cz\/wp-content\/uploads\/2021\/10\/nextbike_03.png 750w\" sizes=\"auto, (max-width: 169px) 100vw, 169px\" \/><\/a><\/p>\n<p style=\"text-align: center;\">3. Select Add Partner.<\/p>\n<p><a href=\"https:\/\/pid.cz\/wp-content\/uploads\/2021\/10\/nextbike_04.png\"><img loading=\"lazy\" decoding=\"async\" class=\"aligncenter wp-image-28799 size-medium\" src=\"https:\/\/pid.cz\/wp-content\/uploads\/2021\/10\/nextbike_04-169x300.png\" alt=\"\" width=\"169\" height=\"300\" srcset=\"https:\/\/pid.cz\/wp-content\/uploads\/2021\/10\/nextbike_04-169x300.png 169w, https:\/\/pid.cz\/wp-content\/uploads\/2021\/10\/nextbike_04-576x1024.png 576w, https:\/\/pid.cz\/wp-content\/uploads\/2021\/10\/nextbike_04-700x1245.png 700w, https:\/\/pid.cz\/wp-content\/uploads\/2021\/10\/nextbike_04.png 750w\" sizes=\"auto, (max-width: 169px) 100vw, 169px\" \/><\/a><\/p>\n<p style=\"text-align: center;\">4. Select PID L\u00edta\u010dka.<\/p>\n<p><a href=\"https:\/\/pid.cz\/wp-content\/uploads\/2021\/10\/nextbike_05.png\"><img loading=\"lazy\" decoding=\"async\" class=\"aligncenter wp-image-28800 size-medium\" src=\"https:\/\/pid.cz\/wp-content\/uploads\/2021\/10\/nextbike_05-169x300.png\" alt=\"\" width=\"169\" height=\"300\" srcset=\"https:\/\/pid.cz\/wp-content\/uploads\/2021\/10\/nextbike_05-169x300.png 169w, https:\/\/pid.cz\/wp-content\/uploads\/2021\/10\/nextbike_05-576x1024.png 576w, https:\/\/pid.cz\/wp-content\/uploads\/2021\/10\/nextbike_05-700x1245.png 700w, https:\/\/pid.cz\/wp-content\/uploads\/2021\/10\/nextbike_05.png 750w\" sizes=\"auto, (max-width: 169px) 100vw, 169px\" \/><\/a><\/p>\n<p style=\"text-align: center;\">5. At the bottom, select Connect (external link).<\/p>\n<p><a href=\"https:\/\/pid.cz\/wp-content\/uploads\/2021\/10\/nextbike_06.png\"><img loading=\"lazy\" decoding=\"async\" class=\"aligncenter wp-image-28801 size-medium\" src=\"https:\/\/pid.cz\/wp-content\/uploads\/2021\/10\/nextbike_06-169x300.png\" alt=\"\" width=\"169\" height=\"300\" srcset=\"https:\/\/pid.cz\/wp-content\/uploads\/2021\/10\/nextbike_06-169x300.png 169w, https:\/\/pid.cz\/wp-content\/uploads\/2021\/10\/nextbike_06-576x1024.png 576w, https:\/\/pid.cz\/wp-content\/uploads\/2021\/10\/nextbike_06-700x1245.png 700w, https:\/\/pid.cz\/wp-content\/uploads\/2021\/10\/nextbike_06.png 750w\" sizes=\"auto, (max-width: 169px) 100vw, 169px\" \/><\/a><\/p>\n<p style=\"text-align: center;\">6. Log in to your PID L\u00edta\u010dka account.<\/p>\n<p><a href=\"https:\/\/pid.cz\/wp-content\/uploads\/2021\/10\/nextbike_07.png\"><img loading=\"lazy\" decoding=\"async\" class=\"aligncenter wp-image-28802 size-medium\" src=\"https:\/\/pid.cz\/wp-content\/uploads\/2021\/10\/nextbike_07-169x300.png\" alt=\"\" width=\"169\" height=\"300\" srcset=\"https:\/\/pid.cz\/wp-content\/uploads\/2021\/10\/nextbike_07-169x300.png 169w, https:\/\/pid.cz\/wp-content\/uploads\/2021\/10\/nextbike_07-576x1024.png 576w, https:\/\/pid.cz\/wp-content\/uploads\/2021\/10\/nextbike_07-700x1245.png 700w, https:\/\/pid.cz\/wp-content\/uploads\/2021\/10\/nextbike_07.png 750w\" sizes=\"auto, (max-width: 169px) 100vw, 169px\" \/><\/a><\/p>\n<p style=\"text-align: center;\">7. Confirmation of successful verification opens in a new window.<\/p>\n<p><a href=\"https:\/\/pid.cz\/wp-content\/uploads\/2021\/10\/nextbike_08.png\"><img loading=\"lazy\" decoding=\"async\" class=\"aligncenter wp-image-28803 size-medium\" src=\"https:\/\/pid.cz\/wp-content\/uploads\/2021\/10\/nextbike_08-169x300.png\" alt=\"\" width=\"169\" height=\"300\" srcset=\"https:\/\/pid.cz\/wp-content\/uploads\/2021\/10\/nextbike_08-169x300.png 169w, https:\/\/pid.cz\/wp-content\/uploads\/2021\/10\/nextbike_08-576x1024.png 576w, https:\/\/pid.cz\/wp-content\/uploads\/2021\/10\/nextbike_08-700x1245.png 700w, https:\/\/pid.cz\/wp-content\/uploads\/2021\/10\/nextbike_08.png 750w\" sizes=\"auto, (max-width: 169px) 100vw, 169px\" \/><\/a><\/p>\n<p style=\"text-align: center;\">8. Status changes to Active in the Nextbike app following successful verification.<\/p>\n<p><a href=\"https:\/\/pid.cz\/wp-content\/uploads\/2021\/10\/nextbike_09.png\"><img loading=\"lazy\" decoding=\"async\" class=\"aligncenter wp-image-28804 size-medium\" src=\"https:\/\/pid.cz\/wp-content\/uploads\/2021\/10\/nextbike_09-169x300.png\" alt=\"\" width=\"169\" height=\"300\" srcset=\"https:\/\/pid.cz\/wp-content\/uploads\/2021\/10\/nextbike_09-169x300.png 169w, https:\/\/pid.cz\/wp-content\/uploads\/2021\/10\/nextbike_09-576x1024.png 576w, https:\/\/pid.cz\/wp-content\/uploads\/2021\/10\/nextbike_09-700x1245.png 700w, https:\/\/pid.cz\/wp-content\/uploads\/2021\/10\/nextbike_09.png 750w\" sizes=\"auto, (max-width: 169px) 100vw, 169px\" \/><\/a><\/p>\n<p style=\"text-align: center;\">9. The confirmed PID L\u00edta\u010dka appears in the Wallet section.<\/p>\n<p><\/div>\n","protected":false},"excerpt":{"rendered":"<p>Bike share with a L\u00edta\u010dka card free of charge TWICE a day for 15 minutes Every owner of an electronic pre-paid ticket for Prague gets the first 15 minutes on a shared Rekola or Nextbike bicycle free of charge twice a day to offer a convenient combination of Prague public transport and cycling. Along the [&hellip;]<\/p>\n","protected":false},"author":47,"featured_media":0,"parent":177678,"menu_order":10,"comment_status":"closed","ping_status":"closed","template":"","meta":{"_acf_changed":false,"footnotes":""},"class_list":["post-177681","page","type-page","status-publish","hentry"],"acf":[],"_links":{"self":[{"href":"https:\/\/pid.cz\/en\/wp-json\/wp\/v2\/pages\/177681","targetHints":{"allow":["GET"]}}],"collection":[{"href":"https:\/\/pid.cz\/en\/wp-json\/wp\/v2\/pages"}],"about":[{"href":"https:\/\/pid.cz\/en\/wp-json\/wp\/v2\/types\/page"}],"author":[{"embeddable":true,"href":"https:\/\/pid.cz\/en\/wp-json\/wp\/v2\/users\/47"}],"replies":[{"embeddable":true,"href":"https:\/\/pid.cz\/en\/wp-json\/wp\/v2\/comments?post=177681"}],"version-history":[{"count":1,"href":"https:\/\/pid.cz\/en\/wp-json\/wp\/v2\/pages\/177681\/revisions"}],"predecessor-version":[{"id":177997,"href":"https:\/\/pid.cz\/en\/wp-json\/wp\/v2\/pages\/177681\/revisions\/177997"}],"up":[{"embeddable":true,"href":"https:\/\/pid.cz\/en\/wp-json\/wp\/v2\/pages\/177678"}],"wp:attachment":[{"href":"https:\/\/pid.cz\/en\/wp-json\/wp\/v2\/media?parent=177681"}],"curies":[{"name":"wp","href":"https:\/\/api.w.org\/{rel}","templated":true}]}}