{"id":202320,"date":"2025-09-22T20:16:38","date_gmt":"2025-09-22T18:16:38","guid":{"rendered":"https:\/\/pid.cz\/?page_id=202320"},"modified":"2026-01-06T16:54:54","modified_gmt":"2026-01-06T15:54:54","slug":"test-6","status":"publish","type":"page","link":"https:\/\/pid.cz\/en\/test-6\/","title":{"rendered":"Zp\u011btn\u00fd v\u00fdkup pap\u00edrov\u00fdch j\u00edzdenek PID"},"content":{"rendered":"<div style=\"width:100%; margin:0 auto; padding:40px 20px; background:#fff; border-radius:12px; box-shadow:0 4px 10px rgba(0,0,0,0.05); font-family:'Inter', system-ui, sans-serif; color:#333; max-width:1200px;\">\n<p style=\"margin-bottom:15px; font-size:0.95rem;\">Jednor\u00e1zov\u00e9 j\u00edzdenky s platnost\u00ed od 1. 1. 2026 budou v p\u0159edprodeji v prosinci 2025, v automatech a aplikaci od 1. 1. 2026.<\/p>\n<p style=\"margin-bottom:15px; font-size:0.95rem;\">P\u0159edplatn\u00ed kupony s po\u010d\u00e1tkem platnosti od 1. 1. 2026 bude mo\u017en\u00e9 zakoupit od 1. 12. 2025.<\/p>\n<h2 style=\"color: #db301a; font-weight: 600; font-size: 1.5rem; margin: 30px 0 10px;\">Vr\u00e1cen\u00ed pap\u00edrov\u00fdch j\u00edzdenek<\/h2>\n<p style=\"margin-bottom:15px; font-size:0.95rem;\">Od 1. ledna 2026 ji\u017e nebude mo\u017en\u00e9 vyu\u017e\u00edt jednor\u00e1zov\u00e9 j\u00edzdenky zakoupen\u00e9 dle star\u00e9ho cen\u00edku.<\/p>\n<p style=\"margin-bottom:15px; font-size:0.95rem;\">V\u00fdkup prob\u00edh\u00e1 od 2. ledna 2026 do 31. ledna 2026 na v\u0161ech prodejn\u00edch m\u00edstech Dopravn\u00edho podniku hl. m. Prahy (vyjma Infocenter, kter\u00e1 j\u00edzdenky vykupovat nebudou), a to do maxim\u00e1ln\u00edho po\u010dtu 5 ks j\u00edzdenek od jedn\u00e9 nomin\u00e1ln\u00ed hodnoty.<\/p>\n<p style=\"margin-bottom:15px; font-size:0.95rem;\">Nad 5 ks j\u00edzdenek od jedn\u00e9 nomin\u00e1ln\u00ed hodnoty je v\u00fdkup mo\u017en\u00fd pouze na Centr\u00e1ln\u00edm dispe\u010dinku, Na Boji\u0161ti 5, Praha 2, hala \u2013 p\u0159ep\u00e1\u017eka \u010d. 9.<\/p>\n<p style=\"margin-bottom:15px; font-size:0.95rem;\">Od 1. \u00fanora 2026 do 30. \u010dervna 2026 bude mo\u017enost j\u00edzdenky vracet pouze na Centr\u00e1ln\u00edm dispe\u010dinku, Na Boji\u0161ti 5, Praha 2, hala \u2013 p\u0159ep\u00e1\u017eka \u010d. 9.<\/p>\n<p style=\"margin-bottom:15px; font-size:0.95rem;\">V\u00fdkup se t\u00fdk\u00e1 pouze neozna\u010den\u00fdch (nepou\u017eit\u00fdch) pap\u00edrov\u00fdch j\u00edzdenek PID.<\/p>\n<h2 style=\"color: #db301a; font-weight: 600; font-size: 1.5rem; margin: 30px 0 10px;\">Ukon\u010den\u00ed platnosti star\u00fdch j\u00edzdenek zakoupen\u00fdch v aplikaci PID L\u00edta\u010dka a vr\u00e1cen\u00ed pen\u011bz<\/h2>\n<p style=\"margin-bottom:15px; font-size:0.95rem;\">J\u00edzdenky dle star\u00e9ho cen\u00edku budou automaticky zneplatn\u011bny a v aplikaci p\u0159esunuty do sekce Historie. O vr\u00e1cen\u00ed pen\u011bz nen\u00ed nutn\u00e9 \u017e\u00e1dat, \u010d\u00e1stka za nevyu\u017eit\u00e9 j\u00edzdenky bude automaticky odesl\u00e1na zp\u011bt na \u00fa\u010det, ze kter\u00e9ho byly zakoupeny.<\/p>\n<p style=\"margin-bottom:15px; font-size:0.95rem;\">Zm\u011bny a refundace se net\u00fdkaj\u00ed j\u00edzdenek pro kolo.<\/p>\n<p style=\"margin-bottom:15px; font-size:0.95rem;\">V p\u0159\u00edpadech, kdy z technick\u00fdch d\u016fvod\u016f nebude mo\u017en\u00e9 prov\u00e9st automatick\u00e9 vr\u00e1cen\u00ed platby, bude registrovan\u00e9 u\u017eivatele kontaktovat p\u0159\u00edmo Oper\u00e1tor ICT prost\u0159ednictv\u00edm e-mailu, kter\u00fd byl zad\u00e1n p\u0159i registraci.<\/p>\n<p style=\"margin-bottom:15px; font-size:0.95rem;\">Pokud aplikaci pou\u017e\u00edv\u00e1te bez registrace a platba se v\u00e1m nevr\u00e1t\u00ed do konce \u00fanora 2026, obracejte se pros\u00edm v\u00fdhradn\u011b na podporu aplikace na adrese info@pidlitacka.cz. Do zpr\u00e1vy uve\u010fte identifikaci j\u00edzdenky a \u010d\u00edslo bankovn\u00edho \u00fa\u010dtu.<\/p>\n<p style=\"margin-bottom:15px; font-size:0.95rem;\">Proces refundac\u00ed technicky zaji\u0161\u0165uje a administruje spole\u010dnost Oper\u00e1tor ICT, a.s \u2013 provozovatel aplikace PID L\u00edta\u010dka. Lh\u016fta pro vy\u0159\u00edzen\u00ed refundac\u00ed kon\u010d\u00ed 30. 6. 2026.<\/p>\n<h1 style=\"color: #db301a; font-weight: 600; font-size: 1.8rem; margin: 40px 0 20px;\">Cen\u00edk karty L\u00edta\u010dka<\/h1>\n<p style=\"margin: 0 0 20px; font-size: 0.9rem; color: #4a4a4a;\">platnost cen\u00edku ke dni 1.1.2026<\/p>\n<table style=\"width:100%; border-collapse:collapse; margin-bottom:20px; font-size:0.95rem;\">\n<thead>\n<tr style=\"background:#f9f9f9;\">\n<th style=\"text-align:left; padding:10px; border-bottom:2px solid #e0e0e0; width: 60%;\"><\/th>\n<th style=\"text-align:center; padding:10px; border-bottom:2px solid #e0e0e0; color: #db301a; font-weight: 600;\">expresn\u011b<\/th>\n<th style=\"text-align:center; padding:10px; border-bottom:2px solid #e0e0e0; color: #db301a; font-weight: 600;\">standardn\u011b<\/th>\n<th style=\"text-align:center; padding:10px; border-bottom:2px solid #e0e0e0; color: #db301a; font-weight: 600;\">online<\/th>\n<\/tr>\n<\/thead>\n<tbody>\n<tr>\n<td style=\"padding:10px; border-bottom:1px solid #e0e0e0;\">\n          <strong>Prvn\u00ed karta<\/strong><br \/>\n          L\u00edta\u010dku si po\u0159izujete poprv\u00e9.\n        <\/td>\n<td style=\"padding:10px; text-align:center; border-bottom:1px solid #e0e0e0; font-weight:600;\">200 K\u010d<\/td>\n<td style=\"padding:10px; text-align:center; border-bottom:1px solid #e0e0e0; font-weight:600;\">100 K\u010d<\/td>\n<td style=\"padding:10px; text-align:center; border-bottom:1px solid #e0e0e0; font-weight:600;\">50 K\u010d<\/td>\n<\/tr>\n<tr>\n<td style=\"padding:10px; border-bottom:1px solid #e0e0e0;\">\n          <strong>V\u00fdm\u011bna z d\u016fvodu konce platnosti<\/strong><br \/>\n          V obdob\u00ed 2 m\u011bs\u00edce p\u0159ed koncem platnosti a 30 dn\u00ed po konci platnosti karty L\u00edta\u010dka (konec platnosti je uveden na potisku karty nebo v \u00fa\u010dtu dr\u017eitele).\n        <\/td>\n<td style=\"padding:10px; text-align:center; border-bottom:1px solid #e0e0e0; font-weight:600;\">100 K\u010d<\/td>\n<td style=\"padding:10px; text-align:center; border-bottom:1px solid #e0e0e0; font-weight:600;\">50 K\u010d<\/td>\n<td style=\"padding:10px; text-align:center; border-bottom:1px solid #e0e0e0; font-weight:600;\">0 K\u010d*<\/td>\n<\/tr>\n<tr>\n<td style=\"padding:10px; border-bottom:1px solid #e0e0e0;\">\n          <strong>V\u00fdm\u011bna aktivn\u00edch karet bez n\u00e1sledn\u00edka<\/strong><br \/>\n          vydan\u00fdch v roce 2016, v\u00fdm\u011bna z d\u016fvodu konce platnosti v obdob\u00ed od 1.1.2026 do 31.12.2026\n        <\/td>\n<td style=\"padding:10px; text-align:center; border-bottom:1px solid #e0e0e0; font-weight:600;\">100 K\u010d<\/td>\n<td style=\"padding:10px; text-align:center; border-bottom:1px solid #e0e0e0; font-weight:600;\">50 K\u010d<\/td>\n<td style=\"padding:10px; text-align:center; border-bottom:1px solid #e0e0e0; font-weight:600;\">0 K\u010d*<\/td>\n<\/tr>\n<tr>\n<td style=\"padding:10px; border-bottom:1px solid #e0e0e0;\">\n          <strong>V\u00fdm\u011bna karty L\u00edta\u010dka z jin\u00e9ho d\u016fvodu<\/strong><br \/>\n          Ztr\u00e1ta, po\u0161kozen\u00ed, zm\u011bna osobn\u00edch \u00fadaj\u016f na potisku karty, v\u00fdm\u011bna z jin\u00e9ho d\u016fvodu.\n        <\/td>\n<td style=\"padding:10px; text-align:center; border-bottom:1px solid #e0e0e0; font-weight:600;\">200 K\u010d<\/td>\n<td style=\"padding:10px; text-align:center; border-bottom:1px solid #e0e0e0; font-weight:600;\">100 K\u010d<\/td>\n<td style=\"padding:10px; text-align:center; border-bottom:1px solid #e0e0e0; font-weight:600;\">50 K\u010d<\/td>\n<\/tr>\n<tr>\n<td style=\"padding:10px; border-bottom:1px solid #e0e0e0;\">\n          <strong>Limitovan\u00e1 edice karty L\u00edta\u010dka<\/strong><br \/>\n          Aktu\u00e1ln\u00ed nab\u00eddka limitovan\u00fdch edic karet je dostupn\u00e1 v Z\u00e1kaznick\u00e9m centru L\u00edta\u010dka nebo na vybran\u00fdch kontaktn\u00edch m\u00edstech.\n        <\/td>\n<td colspan=\"3\" style=\"padding:10px; text-align:left; border-bottom:1px solid #e0e0e0;\">\n          V\u00fddej karty s potiskem limitovan\u00e9 edice se \u0159\u00edd\u00ed cen\u00edkem pro expresn\u00ed vyd\u00e1n\u00ed.**\n        <\/td>\n<\/tr>\n<\/tbody>\n<\/table>\n<div style=\"font-size: 0.85rem; color: #4a4a4a; margin-bottom: 30px;\">\n<p>V p\u0159\u00edpad\u011b opr\u00e1vn\u011bn\u00e9 reklamace je expresn\u00ed v\u00fdm\u011bna zdarma.<\/p>\n<p>V\u00fddej Anonymn\u00ed karty a Osobn\u00ed karty bez evidence se \u0159\u00edd\u00ed cen\u00edkem pro expresn\u00ed vyd\u00e1n\u00ed.<\/p>\n<p>V\u00fdm\u011bna z d\u016fvodu odcizen\u00ed karty s protokolem od Policie \u010cesk\u00e9 republiky je 50 K\u010d expresn\u011b.<\/p>\n<p>* s vyzvednut\u00edm na pobo\u010dce za 50 K\u010d<\/p>\n<p>** v p\u0159\u00edpad\u011b reklamace je limitovan\u00e1 edice karty za 200 K\u010d<\/p>\n<\/p><\/div>\n<h2 style=\"color: #db301a; font-weight: 600; font-size: 1.5rem; margin: 30px 0 10px;\">Konec automatick\u00e9ho prodlu\u017eov\u00e1n\u00ed PID karet<\/h2>\n<p style=\"margin-bottom:15px; font-size:0.95rem;\">vydan\u00fdch v roce 2016, vym\u011bn\u011bna z d\u016fvodu konce platnosti v obdob\u00ed od 1.1.2026 do 31.12.2026<\/p>\n<div style=\"padding: 15px; background:#f9f9f9; border-radius:8px; margin-bottom: 30px; border: 1px solid #e0e0e0;\">\n<h3 style=\"color:#4a4a4a; font-weight:500; font-size: 1.2rem; margin-bottom:10px;\">V\u00fdm\u011bna aktivn\u00edch karet bez n\u00e1sledn\u00edka<\/h3>\n<div style=\"display:flex; justify-content:flex-end; gap:15px; margin-bottom:30px;\">\n<div style=\"padding:10px 20px; background:#fff; border-left:4px solid #db301a; border-radius:8px; text-align:center; font-size:24px; font-weight:600;\">100 K\u010d<\/div>\n<div style=\"padding:10px 20px; background:#fff; border-left:4px solid #db301a; border-radius:8px; text-align:center; font-size:24px; font-weight:600;\">50 K\u010d<\/div>\n<div style=\"padding:10px 20px; background:#fff; border-left:4px solid #db301a; border-radius:8px; text-align:center; font-size:24px; font-weight:600;\">0 K\u010d*<\/div>\n<\/p><\/div>\n<table style=\"width:100%; border-collapse:collapse; margin-bottom:20px; font-size:0.95rem;\">\n<thead>\n<tr style=\"background:#f9f9f9;\">\n<th style=\"text-align:left; padding:10px; border-bottom:2px solid #e0e0e0;\">Platnost karty od<\/th>\n<th colspan=\"6\" style=\"text-align:center; padding:10px; border-bottom:2px solid #e0e0e0;\">Automaticky prodlou\u017een\u00e1 platnost do:<\/th>\n<\/tr>\n<\/thead>\n<tbody>\n<tr>\n<td style=\"padding:10px; font-weight:600; color:#db301a;\">2016<\/td>\n<td style=\"padding:10px; text-align:center;\">&gt;<\/td>\n<td style=\"padding:10px; text-align:center;\">2020<\/td>\n<td style=\"padding:10px; text-align:center;\">&gt;<\/td>\n<td style=\"padding:10px; text-align:center;\">2023<\/td>\n<td style=\"padding:10px; text-align:center;\">&gt;<\/td>\n<td style=\"padding:10px; text-align:center; font-weight:600; color:#db301a;\">2026<br \/><span style=\"font-size: 0.8rem;\">konec platnosti<\/span><\/td>\n<\/tr>\n<tr>\n<td style=\"padding:10px; font-weight:600; color:#4a4a4a;\">2017<\/td>\n<td style=\"padding:10px; text-align:center;\">&gt;<\/td>\n<td style=\"padding:10px; text-align:center;\">2021<\/td>\n<td style=\"padding:10px; text-align:center;\">&gt;<\/td>\n<td style=\"padding:10px; text-align:center;\">2024<\/td>\n<td style=\"padding:10px; text-align:center;\">&gt;<\/td>\n<td style=\"padding:10px; text-align:center;\">2027<\/td>\n<\/tr>\n<tr>\n<td style=\"padding:10px; font-weight:600; color:#4a4a4a;\">2018<\/td>\n<td style=\"padding:10px; text-align:center;\">&gt;<\/td>\n<td style=\"padding:10px; text-align:center;\">2022<\/td>\n<td style=\"padding:10px; text-align:center;\">&gt;<\/td>\n<td style=\"padding:10px; text-align:center;\">2025<\/td>\n<td style=\"padding:10px; text-align:center;\">&gt;<\/td>\n<td style=\"padding:10px; text-align:center;\">2028<\/td>\n<\/tr>\n<tr>\n<td style=\"padding:10px; font-weight:600; color:#4a4a4a;\">2019<\/td>\n<td style=\"padding:10px; text-align:center;\">&gt;<\/td>\n<td style=\"padding:10px; text-align:center;\">2023<\/td>\n<td style=\"padding:10px; text-align:center;\">&gt;<\/td>\n<td style=\"padding:10px; text-align:center;\">2026<\/td>\n<td style=\"padding:10px; text-align:center;\">&gt;<\/td>\n<td style=\"padding:10px; text-align:center;\">2029<\/td>\n<\/tr>\n<\/tbody>\n<\/table><\/div>\n<p style=\"margin-bottom:15px; font-size:0.95rem;\">Karty L\u00edta\u010dka vydan\u00e9 v roce 2016 byly v uplynul\u00fdch letech n\u011bkolikr\u00e1t automaticky prodlou\u017eeny. V roce 2026 v\u0161ak ji\u017e \u017e\u00e1dn\u00e9 dal\u0161\u00ed prodlou\u017een\u00ed t\u011bchto karet neprob\u011bhne. Karty vydan\u00e9 v roce 2016 z\u016fst\u00e1vaj\u00ed v platnosti do data uveden\u00e9ho v syst\u00e9mu. V\u00fdm\u011bnu za novou kartu je mo\u017en\u00e9 prov\u00e9st kdykoli b\u011bhem roku 2026.<\/p>\n<p style=\"margin-bottom:15px; font-size:0.95rem;\">V\u00fdm\u011bnu m\u016f\u017eete prov\u00e9st online p\u0159es e-shop L\u00edta\u010dky nebo osobn\u011b ve Skodov\u011b pal\u00e1ci a na vybran\u00fdch kontaktn\u00edch m\u00edstech. Seznam kontaktn\u00edch m\u00edst a rozsah poskytovan\u00fdch \u010dinnost\u00ed je uveden na webu.<\/p>\n<div style=\"margin-top:20px; padding:12px; background:#f9f9f9; border-left:4px solid #db301a; border-radius:8px; font-size:0.95rem;\">\n    <strong>Dopl\u0148uj\u00edc\u00ed informace:<\/strong><br \/>\n    Karty vydan\u00e9 v roce 2016 nebudou d\u00e1le prodlou\u017eeny \u2013 konec platnosti je v roce 2026.<\/p>\n<p>    Karty lze vym\u011bnit za uvedenou cenu v pr\u016fb\u011bhu cel\u00e9ho roku.<br \/>\n    <span style=\"font-size: 0.9rem; font-style: italic;\">(P\u0159\u00edklad: Pokud je karta platn\u00e1 do 1.4.2026, klient se 2.4.2026 ji\u017e s touto kartou neodbav\u00ed. M\u016f\u017ee ji vym\u011bnit expresn\u011b za 100 K\u010d klidn\u011b a\u017e 31.12.2026, ale platnost karty kon\u010d\u00ed po dni uveden\u00e9m v syst\u00e9mu.)<\/span>\n  <\/div>\n<\/div>\n","protected":false},"excerpt":{"rendered":"<p>Jednor\u00e1zov\u00e9 j\u00edzdenky s platnost\u00ed od 1. 1. 2026 budou v p\u0159edprodeji v prosinci 2025, v automatech a aplikaci od 1. 1. 2026. P\u0159edplatn\u00ed kupony s po\u010d\u00e1tkem platnosti od 1. 1. 2026 bude mo\u017en\u00e9 zakoupit od 1. 12. 2025. Vr\u00e1cen\u00ed pap\u00edrov\u00fdch j\u00edzdenek Od 1. ledna 2026 ji\u017e nebude mo\u017en\u00e9 vyu\u017e\u00edt jednor\u00e1zov\u00e9 j\u00edzdenky zakoupen\u00e9 dle star\u00e9ho cen\u00edku. [&hellip;]<\/p>\n","protected":false},"author":16661,"featured_media":0,"parent":0,"menu_order":0,"comment_status":"closed","ping_status":"closed","template":"","meta":{"_acf_changed":false,"footnotes":""},"class_list":["post-202320","page","type-page","status-publish","hentry"],"acf":[],"_links":{"self":[{"href":"https:\/\/pid.cz\/en\/wp-json\/wp\/v2\/pages\/202320","targetHints":{"allow":["GET"]}}],"collection":[{"href":"https:\/\/pid.cz\/en\/wp-json\/wp\/v2\/pages"}],"about":[{"href":"https:\/\/pid.cz\/en\/wp-json\/wp\/v2\/types\/page"}],"author":[{"embeddable":true,"href":"https:\/\/pid.cz\/en\/wp-json\/wp\/v2\/users\/16661"}],"replies":[{"embeddable":true,"href":"https:\/\/pid.cz\/en\/wp-json\/wp\/v2\/comments?post=202320"}],"version-history":[{"count":54,"href":"https:\/\/pid.cz\/en\/wp-json\/wp\/v2\/pages\/202320\/revisions"}],"predecessor-version":[{"id":210519,"href":"https:\/\/pid.cz\/en\/wp-json\/wp\/v2\/pages\/202320\/revisions\/210519"}],"wp:attachment":[{"href":"https:\/\/pid.cz\/en\/wp-json\/wp\/v2\/media?parent=202320"}],"curies":[{"name":"wp","href":"https:\/\/api.w.org\/{rel}","templated":true}]}}